{"id":10552,"date":"2018-07-24T14:01:37","date_gmt":"2018-07-24T12:01:37","guid":{"rendered":"https:\/\/www.btc.si\/?page_id=10552"},"modified":"2018-07-24T14:02:38","modified_gmt":"2018-07-24T12:02:38","slug":"authors","status":"publish","type":"page","link":"https:\/\/www.btc.si\/en\/authors\/","title":{"rendered":"Authors"},"content":{"rendered":"<div class=\"wpb-content-wrapper\"><p>[vc_row css_animation=&#8221;&#8221; row_type=&#8221;row&#8221; use_row_as_full_screen_section=&#8221;no&#8221; type=&#8221;full_width&#8221; angled_section=&#8221;no&#8221; text_align=&#8221;left&#8221; background_image_as_pattern=&#8221;without_pattern&#8221;][vc_column][vc_empty_space height=&#8221;200px&#8221;][vc_column_text]<\/p>\n<h1>Avtorji<\/h1>\n<p>[\/vc_column_text][vc_column_text]<\/p>\n<div><span style=\"font-size: 13.3333px;\"><a href=\"https:\/\/www.btc.si\/wp-content\/uploads\/2018\/07\/provoco_logo.png\"><img decoding=\"async\" class=\"size-medium wp-image-10555 aligncenter\" src=\"https:\/\/www.btc.si\/wp-content\/uploads\/2018\/07\/provoco_logo-300x84.png\" alt=\"\" width=\"300\" height=\"84\" srcset=\"https:\/\/www.btc.si\/wp-content\/uploads\/2018\/07\/provoco_logo-300x84.png 300w, https:\/\/www.btc.si\/wp-content\/uploads\/2018\/07\/provoco_logo-700x196.png 700w, https:\/\/www.btc.si\/wp-content\/uploads\/2018\/07\/provoco_logo.png 716w\" sizes=\"(max-width: 300px) 100vw, 300px\" \/><\/a><\/span><\/div>\n<div style=\"text-align: center;\"><span style=\"font-size: 13.3333px;\">Planing and design: <a href=\"http:\/\/www.provoco.eu\/\">PROVOCO d.o.o.\u00a0<\/a><\/span><\/div>\n<div style=\"text-align: center;\"><span style=\"font-size: 13.3333px;\">Development: <a href=\"http:\/\/www.provoco.eu\/\">PROVOCO d.o.o.<\/a><\/span><\/div>\n<p>[\/vc_column_text][vc_empty_space][\/vc_column][\/vc_row][vc_row css_animation=&#8221;&#8221; row_type=&#8221;row&#8221; use_row_as_full_screen_section=&#8221;no&#8221; type=&#8221;full_width&#8221; angled_section=&#8221;no&#8221; text_align=&#8221;left&#8221; background_image_as_pattern=&#8221;without_pattern&#8221;][vc_column][vc_empty_space height=&#8221;100px&#8221;][\/vc_column][\/vc_row]<\/p>\n<\/div>","protected":false},"excerpt":{"rendered":"<p>[vc_row css_animation=&#8221;&#8221; row_type=&#8221;row&#8221; use_row_as_full_screen_section=&#8221;no&#8221; type=&#8221;full_width&#8221; angled_section=&#8221;no&#8221; text_align=&#8221;left&#8221; background_image_as_pattern=&#8221;without_pattern&#8221;][vc_column][vc_empty_space height=&#8221;200px&#8221;][vc_column_text] Avtorji [\/vc_column_text][vc_column_text] Planing and design: PROVOCO d.o.o.\u00a0 Development: PROVOCO d.o.o. [\/vc_column_text][vc_empty_space][\/vc_column][\/vc_row][vc_row css_animation=&#8221;&#8221; row_type=&#8221;row&#8221; use_row_as_full_screen_section=&#8221;no&#8221; type=&#8221;full_width&#8221; angled_section=&#8221;no&#8221; text_align=&#8221;left&#8221; background_image_as_pattern=&#8221;without_pattern&#8221;][vc_column][vc_empty_space height=&#8221;100px&#8221;][\/vc_column][\/vc_row]<\/p>\n","protected":false},"author":7,"featured_media":0,"parent":0,"menu_order":100,"comment_status":"closed","ping_status":"closed","template":"","meta":{"_acf_changed":false,"footnotes":""},"class_list":["post-10552","page","type-page","status-publish","hentry"],"acf":[],"yoast_head":"<!-- This site is optimized with the Yoast SEO plugin v26.9 - https:\/\/yoast.com\/product\/yoast-seo-wordpress\/ -->\n<title>Authors - BTC d.d.<\/title>\n<meta name=\"robots\" content=\"index, follow, max-snippet:-1, max-image-preview:large, max-video-preview:-1\" \/>\n<link rel=\"canonical\" href=\"https:\/\/www.btc.si\/en\/authors\/\" \/>\n<meta property=\"og:locale\" content=\"en_US\" \/>\n<meta property=\"og:type\" content=\"article\" \/>\n<meta property=\"og:title\" content=\"Authors - BTC d.d.\" \/>\n<meta property=\"og:description\" content=\"[vc_row css_animation=&#8221;&#8221; row_type=&#8221;row&#8221; use_row_as_full_screen_section=&#8221;no&#8221; type=&#8221;full_width&#8221; angled_section=&#8221;no&#8221; text_align=&#8221;left&#8221; background_image_as_pattern=&#8221;without_pattern&#8221;][vc_column][vc_empty_space height=&#8221;200px&#8221;][vc_column_text] Avtorji [\/vc_column_text][vc_column_text] Planing and design: PROVOCO d.o.o.\u00a0 Development: PROVOCO d.o.o. [\/vc_column_text][vc_empty_space][\/vc_column][\/vc_row][vc_row css_animation=&#8221;&#8221; row_type=&#8221;row&#8221; use_row_as_full_screen_section=&#8221;no&#8221; type=&#8221;full_width&#8221; angled_section=&#8221;no&#8221; text_align=&#8221;left&#8221; background_image_as_pattern=&#8221;without_pattern&#8221;][vc_column][vc_empty_space height=&#8221;100px&#8221;][\/vc_column][\/vc_row]\" \/>\n<meta property=\"og:url\" content=\"https:\/\/www.btc.si\/en\/authors\/\" \/>\n<meta property=\"og:site_name\" content=\"BTC d.d.\" \/>\n<meta property=\"article:modified_time\" content=\"2018-07-24T12:02:38+00:00\" \/>\n<meta property=\"og:image\" content=\"https:\/\/www.btc.si\/wp-content\/uploads\/2018\/07\/provoco_logo-300x84.png\" \/>\n<meta name=\"twitter:card\" content=\"summary_large_image\" \/>\n<meta name=\"twitter:label1\" content=\"Est. reading time\" \/>\n\t<meta name=\"twitter:data1\" content=\"1 minute\" \/>\n<script type=\"application\/ld+json\" class=\"yoast-schema-graph\">{\"@context\":\"https:\/\/schema.org\",\"@graph\":[{\"@type\":\"WebPage\",\"@id\":\"https:\/\/www.btc.si\/en\/authors\/\",\"url\":\"https:\/\/www.btc.si\/en\/authors\/\",\"name\":\"Authors - BTC d.d.\",\"isPartOf\":{\"@id\":\"https:\/\/www.btc.si\/#website\"},\"primaryImageOfPage\":{\"@id\":\"https:\/\/www.btc.si\/en\/authors\/#primaryimage\"},\"image\":{\"@id\":\"https:\/\/www.btc.si\/en\/authors\/#primaryimage\"},\"thumbnailUrl\":\"https:\/\/www.btc.si\/wp-content\/uploads\/2018\/07\/provoco_logo-300x84.png\",\"datePublished\":\"2018-07-24T12:01:37+00:00\",\"dateModified\":\"2018-07-24T12:02:38+00:00\",\"breadcrumb\":{\"@id\":\"https:\/\/www.btc.si\/en\/authors\/#breadcrumb\"},\"inLanguage\":\"en-US\",\"potentialAction\":[{\"@type\":\"ReadAction\",\"target\":[\"https:\/\/www.btc.si\/en\/authors\/\"]}]},{\"@type\":\"ImageObject\",\"inLanguage\":\"en-US\",\"@id\":\"https:\/\/www.btc.si\/en\/authors\/#primaryimage\",\"url\":\"https:\/\/www.btc.si\/wp-content\/uploads\/2018\/07\/provoco_logo-300x84.png\",\"contentUrl\":\"https:\/\/www.btc.si\/wp-content\/uploads\/2018\/07\/provoco_logo-300x84.png\"},{\"@type\":\"BreadcrumbList\",\"@id\":\"https:\/\/www.btc.si\/en\/authors\/#breadcrumb\",\"itemListElement\":[{\"@type\":\"ListItem\",\"position\":1,\"name\":\"Home\",\"item\":\"https:\/\/www.btc.si\/en\/\"},{\"@type\":\"ListItem\",\"position\":2,\"name\":\"Authors\"}]},{\"@type\":\"WebSite\",\"@id\":\"https:\/\/www.btc.si\/#website\",\"url\":\"https:\/\/www.btc.si\/\",\"name\":\"BTC d.d.\",\"description\":\"dinami\u010dna, inovativna, odprta in moderna dru\u017eba, povezana s tradicijo vrednot in v sozvo\u010dju s stalnim napredkom v korist gospodarskega razvoja, okolja in dru\u017ebe.\",\"potentialAction\":[{\"@type\":\"SearchAction\",\"target\":{\"@type\":\"EntryPoint\",\"urlTemplate\":\"https:\/\/www.btc.si\/?s={search_term_string}\"},\"query-input\":{\"@type\":\"PropertyValueSpecification\",\"valueRequired\":true,\"valueName\":\"search_term_string\"}}],\"inLanguage\":\"en-US\"}]}<\/script>\n<!-- \/ Yoast SEO plugin. -->","yoast_head_json":{"title":"Authors - BTC d.d.","robots":{"index":"index","follow":"follow","max-snippet":"max-snippet:-1","max-image-preview":"max-image-preview:large","max-video-preview":"max-video-preview:-1"},"canonical":"https:\/\/www.btc.si\/en\/authors\/","og_locale":"en_US","og_type":"article","og_title":"Authors - BTC d.d.","og_description":"[vc_row css_animation=&#8221;&#8221; row_type=&#8221;row&#8221; use_row_as_full_screen_section=&#8221;no&#8221; type=&#8221;full_width&#8221; angled_section=&#8221;no&#8221; text_align=&#8221;left&#8221; background_image_as_pattern=&#8221;without_pattern&#8221;][vc_column][vc_empty_space height=&#8221;200px&#8221;][vc_column_text] Avtorji [\/vc_column_text][vc_column_text] Planing and design: PROVOCO d.o.o.\u00a0 Development: PROVOCO d.o.o. [\/vc_column_text][vc_empty_space][\/vc_column][\/vc_row][vc_row css_animation=&#8221;&#8221; row_type=&#8221;row&#8221; use_row_as_full_screen_section=&#8221;no&#8221; type=&#8221;full_width&#8221; angled_section=&#8221;no&#8221; text_align=&#8221;left&#8221; background_image_as_pattern=&#8221;without_pattern&#8221;][vc_column][vc_empty_space height=&#8221;100px&#8221;][\/vc_column][\/vc_row]","og_url":"https:\/\/www.btc.si\/en\/authors\/","og_site_name":"BTC d.d.","article_modified_time":"2018-07-24T12:02:38+00:00","og_image":[{"url":"https:\/\/www.btc.si\/wp-content\/uploads\/2018\/07\/provoco_logo-300x84.png","type":"","width":"","height":""}],"twitter_card":"summary_large_image","twitter_misc":{"Est. reading time":"1 minute"},"schema":{"@context":"https:\/\/schema.org","@graph":[{"@type":"WebPage","@id":"https:\/\/www.btc.si\/en\/authors\/","url":"https:\/\/www.btc.si\/en\/authors\/","name":"Authors - BTC d.d.","isPartOf":{"@id":"https:\/\/www.btc.si\/#website"},"primaryImageOfPage":{"@id":"https:\/\/www.btc.si\/en\/authors\/#primaryimage"},"image":{"@id":"https:\/\/www.btc.si\/en\/authors\/#primaryimage"},"thumbnailUrl":"https:\/\/www.btc.si\/wp-content\/uploads\/2018\/07\/provoco_logo-300x84.png","datePublished":"2018-07-24T12:01:37+00:00","dateModified":"2018-07-24T12:02:38+00:00","breadcrumb":{"@id":"https:\/\/www.btc.si\/en\/authors\/#breadcrumb"},"inLanguage":"en-US","potentialAction":[{"@type":"ReadAction","target":["https:\/\/www.btc.si\/en\/authors\/"]}]},{"@type":"ImageObject","inLanguage":"en-US","@id":"https:\/\/www.btc.si\/en\/authors\/#primaryimage","url":"https:\/\/www.btc.si\/wp-content\/uploads\/2018\/07\/provoco_logo-300x84.png","contentUrl":"https:\/\/www.btc.si\/wp-content\/uploads\/2018\/07\/provoco_logo-300x84.png"},{"@type":"BreadcrumbList","@id":"https:\/\/www.btc.si\/en\/authors\/#breadcrumb","itemListElement":[{"@type":"ListItem","position":1,"name":"Home","item":"https:\/\/www.btc.si\/en\/"},{"@type":"ListItem","position":2,"name":"Authors"}]},{"@type":"WebSite","@id":"https:\/\/www.btc.si\/#website","url":"https:\/\/www.btc.si\/","name":"BTC d.d.","description":"dinami\u010dna, inovativna, odprta in moderna dru\u017eba, povezana s tradicijo vrednot in v sozvo\u010dju s stalnim napredkom v korist gospodarskega razvoja, okolja in dru\u017ebe.","potentialAction":[{"@type":"SearchAction","target":{"@type":"EntryPoint","urlTemplate":"https:\/\/www.btc.si\/?s={search_term_string}"},"query-input":{"@type":"PropertyValueSpecification","valueRequired":true,"valueName":"search_term_string"}}],"inLanguage":"en-US"}]}},"_links":{"self":[{"href":"https:\/\/www.btc.si\/en\/wp-json\/wp\/v2\/pages\/10552","targetHints":{"allow":["GET"]}}],"collection":[{"href":"https:\/\/www.btc.si\/en\/wp-json\/wp\/v2\/pages"}],"about":[{"href":"https:\/\/www.btc.si\/en\/wp-json\/wp\/v2\/types\/page"}],"author":[{"embeddable":true,"href":"https:\/\/www.btc.si\/en\/wp-json\/wp\/v2\/users\/7"}],"replies":[{"embeddable":true,"href":"https:\/\/www.btc.si\/en\/wp-json\/wp\/v2\/comments?post=10552"}],"version-history":[{"count":4,"href":"https:\/\/www.btc.si\/en\/wp-json\/wp\/v2\/pages\/10552\/revisions"}],"predecessor-version":[{"id":10560,"href":"https:\/\/www.btc.si\/en\/wp-json\/wp\/v2\/pages\/10552\/revisions\/10560"}],"wp:attachment":[{"href":"https:\/\/www.btc.si\/en\/wp-json\/wp\/v2\/media?parent=10552"}],"curies":[{"name":"wp","href":"https:\/\/api.w.org\/{rel}","templated":true}]}}