{"id":15225,"date":"2021-04-13T12:20:02","date_gmt":"2021-04-13T10:20:02","guid":{"rendered":"https:\/\/www.btc.si\/?page_id=15225"},"modified":"2025-11-28T10:32:07","modified_gmt":"2025-11-28T09:32:07","slug":"joze-mermal-en","status":"publish","type":"page","link":"https:\/\/www.btc.si\/en\/joze-mermal-en\/","title":{"rendered":"Jo\u017ee Mermal"},"content":{"rendered":"<div class=\"wpb-content-wrapper\"><p>[vc_row row_type=&#8221;parallax&#8221; parallax_content_width=&#8221;full_width&#8221; text_align=&#8221;left&#8221; full_screen_section_height=&#8221;no&#8221; background_image=&#8221;1238&#8243; section_height=&#8221;400&#8243;][vc_column][vc_empty_space height=&#8221;200px&#8221;][vc_column_text]<\/p>\n<h1 style=\"text-align: center;\"><span style=\"color: #ffffff;\">JO\u017dE MERMAL, Chairman of the Board of Directors, BTC d.d.<\/span><\/h1>\n<p>[\/vc_column_text][vc_separator type=&#8221;small&#8221; position=&#8221;center&#8221; color=&#8221;#fcb727&#8243; thickness=&#8221;4&#8243; width=&#8221;100&#8243; up=&#8221;40&#8243; down=&#8221;40&#8243;][vc_empty_space height=&#8221;100px&#8221;][\/vc_column][\/vc_row][vc_row css_animation=&#8221;&#8221; row_type=&#8221;row&#8221; use_row_as_full_screen_section=&#8221;no&#8221; type=&#8221;grid&#8221; angled_section=&#8221;no&#8221; text_align=&#8221;left&#8221; background_image_as_pattern=&#8221;without_pattern&#8221;][vc_column][vc_empty_space height=&#8221;80px&#8221;][vc_column_text css=&#8221;&#8221;]<\/p>\n<div id=\"attachment_15254\" style=\"width: 310px\" class=\"wp-caption alignleft\"><a href=\"https:\/\/www.btc.si\/wp-content\/uploads\/2021\/04\/Jo\u017ee-Mermal-scaled.jpg\"><img decoding=\"async\" aria-describedby=\"caption-attachment-15254\" class=\"size-medium wp-image-15254\" src=\"https:\/\/www.btc.si\/wp-content\/uploads\/2021\/04\/Jo\u017ee-Mermal-300x200.jpg\" alt=\"\" width=\"300\" height=\"200\" srcset=\"https:\/\/www.btc.si\/wp-content\/uploads\/2021\/04\/Jo\u017ee-Mermal-300x200.jpg 300w, https:\/\/www.btc.si\/wp-content\/uploads\/2021\/04\/Jo\u017ee-Mermal-1024x683.jpg 1024w, https:\/\/www.btc.si\/wp-content\/uploads\/2021\/04\/Jo\u017ee-Mermal-768x512.jpg 768w, https:\/\/www.btc.si\/wp-content\/uploads\/2021\/04\/Jo\u017ee-Mermal-1536x1024.jpg 1536w, https:\/\/www.btc.si\/wp-content\/uploads\/2021\/04\/Jo\u017ee-Mermal-2048x1366.jpg 2048w, https:\/\/www.btc.si\/wp-content\/uploads\/2021\/04\/Jo\u017ee-Mermal-900x600.jpg 900w, https:\/\/www.btc.si\/wp-content\/uploads\/2021\/04\/Jo\u017ee-Mermal-700x467.jpg 700w\" sizes=\"(max-width: 300px) 100vw, 300px\" \/><\/a><p id=\"caption-attachment-15254\" class=\"wp-caption-text\">Jo\u017ee Mermal &#8211; BTC<\/p>\n<p><\/p><\/div>\n<p>Jo\u017ee Mermal, university graduate in economics, started his professional career at BTC in 1978. He worked at different management positions until 1993, when he became Chairman of the Management Board of BTC. He served as the Director of the development and planning service, assistant to the General Director and Procurator for the commercial sector, Member of the Management Board of the joint stock company and responsible head of the Interspar shopping centre which was a key step in the creation of the modern BTC City. In 1997 Mr. Mermal led the demanding project of placing BTC stock on the London Stock Exchange. In 2019 BTC company transformed it\u2019s business structure to one-tier management system in which Mr. Jo\u017ee Mermal serves as a Chairman of the Board.<\/p>\n<p>Jo\u017ee Mermal is the author of the versatile project BTC City, which represents a one-stop-shop that combines business, shopping, entertainment, recreational and cultural programs. In fact, it is a business unique on an international scale, since in the 20 years the company has evolved from the organizer of the first Slovenian shopping center in Slovenia into the manager of one of the largest business, shopping and recreational centers in Europe with 21 million visits per year.<\/p>\n<p>The development of BTC City has been most influenced by the excellent implementation of business plans and the intense investment of the last two decades. From 1993 to 2019, the company renovated 200,000 m2 of business premises and invested 269 million EUR, and its business partners an additional 184 million EUR. With its openness, the company has achieved partnerships with the most excellent domestic and foreign partners, which have influenced the strengthening of market contents, the top offer of BTC City, the implementation of the latest technology for individual programs. New synergies have established a new culture of social contact, and BTC City has become an important, indispensable part of the map of Ljubljana, which can no longer be ignored from either a domestic or an international perspective.<\/p>\n<p>As the BTC company is involved in many projects that include the wider social environment \u2013 in the fields of culture, science, education, humanitarianism and sports \u2013 which Jo\u017ee Mermal actively supports, the BTC company and Mr. Mermal personally have received many important awards over the years.[\/vc_column_text][vc_empty_space height=&#8221;80px&#8221;][\/vc_column][\/vc_row][vc_row css_animation=&#8221;&#8221; row_type=&#8221;row&#8221; use_row_as_full_screen_section=&#8221;no&#8221; type=&#8221;grid&#8221; angled_section=&#8221;no&#8221; text_align=&#8221;left&#8221; background_image_as_pattern=&#8221;without_pattern&#8221; anchor=&#8221;splosni-podatki&#8221;][vc_column][vc_column_text]<\/p>\n<h2 style=\"text-align: center;\">Awards and recognitions<\/h2>\n<p>[\/vc_column_text][vc_separator type=&#8221;small&#8221; position=&#8221;center&#8221; color=&#8221;#fcb727&#8243; thickness=&#8221;4&#8243; width=&#8221;100&#8243; up=&#8221;40&#8243; down=&#8221;40&#8243;][vc_empty_space height=&#8221;80px&#8221;][vc_row_inner row_type=&#8221;row&#8221; type=&#8221;grid&#8221; text_align=&#8221;left&#8221; css_animation=&#8221;&#8221;][vc_column_inner][vc_column_text css=&#8221;&#8221;]<\/p>\n<ul>\n<li>2024 SPORTO Lifetime Achievement Award<\/li>\n<li>2024 The &#8220;Creators for the Century 2023&#8221; Grand Prize and Lifetime Achievement Award for Entrepreneurship, awarded during the World Congress of Entrepreneurs in Montenegro.<\/li>\n<li>2022, ISFF 2022 Award for supporting and contributing to the development of the Slovenian sport<\/li>\n<li>2020 Lifetime Achievement Award in management awarded by the Managers\u2019 Association of Slovenia<\/li>\n<li>2017 Highest honor of the Municipality of Ljubljana \u2013 Honorary Citizen Jo\u017ee Mermal<\/li>\n<li>2016 Independent agency for the selection and promotion of managers \/ 34th Best European Managers Awards: Jo\u017ee Mermal, Chairman of the Management Board of BTC, prestigious award for exceptional results of the BTC company under his leadership, the highest managerial lifetime achievement award of \u201cBest Manager 2016\u201d of Southeastern and Central Europe and \u201cBest Company\u201d.<\/li>\n<li>2014 Award of the Slovenian Chamber of Commerce for exceptional achievements in economics and business for 2013<\/li>\n<li>2013 European award for socially responsible business practices in Slovenia, in the large business category for the project \u201cBTC City and ladies ski jumping\u201d<\/li>\n<li>2012 The \u201cJo\u017ee Mermal, patron of the year 2011 in culture\u201d award<\/li>\n<li>2012 The \u201cJo\u017ee Mermal, Vision Manager\u201d for visionary management and creativity<\/li>\n<li>2011 BTC company nominated for European business award for the Ecoindex business model<\/li>\n<li>2011 SiBrand award for the BTC City brand name<\/li>\n<li>2011 JAPTI award for the most innovative business model for Ecoindex<\/li>\n<li>2011 Horus Award for the most socially responsible company<\/li>\n<li>2011 Diamond award for over 15 years of sponsorship for Cankarjev Dom<\/li>\n<li>2010 The \u201cMost environmentally friendly company\u201d award<\/li>\n<li>2005 Award of the Slovenian Scientific Foundation<\/li>\n<li>2001 Primus Award \u2013 expert commendation for excellence in communication, awarded by the Slovenian Public Relations Society<\/li>\n<li>1997 Award for \u201cJo\u017ee Mermal, Manager of the Year\u201d<\/li>\n<\/ul>\n<p>[\/vc_column_text][\/vc_column_inner][\/vc_row_inner][vc_empty_space height=&#8221;80px&#8221;][\/vc_column][\/vc_row]<\/p>\n<\/div>","protected":false},"excerpt":{"rendered":"<p>[vc_row row_type=&#8221;parallax&#8221; parallax_content_width=&#8221;full_width&#8221; text_align=&#8221;left&#8221; full_screen_section_height=&#8221;no&#8221; background_image=&#8221;1238&#8243; section_height=&#8221;400&#8243;][vc_column][vc_empty_space height=&#8221;200px&#8221;][vc_column_text] JO\u017dE MERMAL, Chairman of the Board of Directors, BTC d.d. [\/vc_column_text][vc_separator type=&#8221;small&#8221; position=&#8221;center&#8221; color=&#8221;#fcb727&#8243; thickness=&#8221;4&#8243; width=&#8221;100&#8243; up=&#8221;40&#8243; down=&#8221;40&#8243;][vc_empty_space height=&#8221;100px&#8221;][\/vc_column][\/vc_row][vc_row css_animation=&#8221;&#8221; row_type=&#8221;row&#8221; use_row_as_full_screen_section=&#8221;no&#8221; type=&#8221;grid&#8221; angled_section=&#8221;no&#8221; text_align=&#8221;left&#8221; background_image_as_pattern=&#8221;without_pattern&#8221;][vc_column][vc_empty_space height=&#8221;80px&#8221;][vc_column_text css=&#8221;&#8221;] Jo\u017ee Mermal, university graduate in economics, started his professional&#8230;<\/p>\n","protected":false},"author":11,"featured_media":0,"parent":0,"menu_order":9,"comment_status":"closed","ping_status":"closed","template":"full_width.php","meta":{"_acf_changed":false,"footnotes":""},"class_list":["post-15225","page","type-page","status-publish","hentry"],"acf":[],"yoast_head":"<!-- This site is optimized with the Yoast SEO plugin v26.9 - https:\/\/yoast.com\/product\/yoast-seo-wordpress\/ -->\n<title>Jo\u017ee Mermal - BTC d.d.<\/title>\n<meta name=\"robots\" content=\"index, follow, max-snippet:-1, max-image-preview:large, max-video-preview:-1\" \/>\n<link rel=\"canonical\" href=\"https:\/\/www.btc.si\/en\/joze-mermal-en\/\" \/>\n<meta property=\"og:locale\" content=\"en_US\" \/>\n<meta property=\"og:type\" content=\"article\" \/>\n<meta property=\"og:title\" content=\"Jo\u017ee Mermal - BTC d.d.\" \/>\n<meta property=\"og:description\" content=\"[vc_row row_type=&#8221;parallax&#8221; parallax_content_width=&#8221;full_width&#8221; text_align=&#8221;left&#8221; full_screen_section_height=&#8221;no&#8221; background_image=&#8221;1238&#8243; section_height=&#8221;400&#8243;][vc_column][vc_empty_space height=&#8221;200px&#8221;][vc_column_text] JO\u017dE MERMAL, Chairman of the Board of Directors, BTC d.d. [\/vc_column_text][vc_separator type=&#8221;small&#8221; position=&#8221;center&#8221; color=&#8221;#fcb727&#8243; thickness=&#8221;4&#8243; width=&#8221;100&#8243; up=&#8221;40&#8243; down=&#8221;40&#8243;][vc_empty_space height=&#8221;100px&#8221;][\/vc_column][\/vc_row][vc_row css_animation=&#8221;&#8221; row_type=&#8221;row&#8221; use_row_as_full_screen_section=&#8221;no&#8221; type=&#8221;grid&#8221; angled_section=&#8221;no&#8221; text_align=&#8221;left&#8221; background_image_as_pattern=&#8221;without_pattern&#8221;][vc_column][vc_empty_space height=&#8221;80px&#8221;][vc_column_text css=&#8221;&#8221;] Jo\u017ee Mermal, university graduate in economics, started his professional...\" \/>\n<meta property=\"og:url\" content=\"https:\/\/www.btc.si\/en\/joze-mermal-en\/\" \/>\n<meta property=\"og:site_name\" content=\"BTC d.d.\" \/>\n<meta property=\"article:modified_time\" content=\"2025-11-28T09:32:07+00:00\" \/>\n<meta name=\"twitter:card\" content=\"summary_large_image\" \/>\n<meta name=\"twitter:label1\" content=\"Est. reading time\" \/>\n\t<meta name=\"twitter:data1\" content=\"5 minutes\" \/>\n<script type=\"application\/ld+json\" class=\"yoast-schema-graph\">{\"@context\":\"https:\/\/schema.org\",\"@graph\":[{\"@type\":\"WebPage\",\"@id\":\"https:\/\/www.btc.si\/en\/joze-mermal-en\/\",\"url\":\"https:\/\/www.btc.si\/en\/joze-mermal-en\/\",\"name\":\"Jo\u017ee Mermal - BTC d.d.\",\"isPartOf\":{\"@id\":\"https:\/\/www.btc.si\/#website\"},\"datePublished\":\"2021-04-13T10:20:02+00:00\",\"dateModified\":\"2025-11-28T09:32:07+00:00\",\"breadcrumb\":{\"@id\":\"https:\/\/www.btc.si\/en\/joze-mermal-en\/#breadcrumb\"},\"inLanguage\":\"en-US\",\"potentialAction\":[{\"@type\":\"ReadAction\",\"target\":[\"https:\/\/www.btc.si\/en\/joze-mermal-en\/\"]}]},{\"@type\":\"BreadcrumbList\",\"@id\":\"https:\/\/www.btc.si\/en\/joze-mermal-en\/#breadcrumb\",\"itemListElement\":[{\"@type\":\"ListItem\",\"position\":1,\"name\":\"Home\",\"item\":\"https:\/\/www.btc.si\/en\/\"},{\"@type\":\"ListItem\",\"position\":2,\"name\":\"Jo\u017ee Mermal\"}]},{\"@type\":\"WebSite\",\"@id\":\"https:\/\/www.btc.si\/#website\",\"url\":\"https:\/\/www.btc.si\/\",\"name\":\"BTC d.d.\",\"description\":\"dinami\u010dna, inovativna, odprta in moderna dru\u017eba, povezana s tradicijo vrednot in v sozvo\u010dju s stalnim napredkom v korist gospodarskega razvoja, okolja in dru\u017ebe.\",\"potentialAction\":[{\"@type\":\"SearchAction\",\"target\":{\"@type\":\"EntryPoint\",\"urlTemplate\":\"https:\/\/www.btc.si\/?s={search_term_string}\"},\"query-input\":{\"@type\":\"PropertyValueSpecification\",\"valueRequired\":true,\"valueName\":\"search_term_string\"}}],\"inLanguage\":\"en-US\"}]}<\/script>\n<!-- \/ Yoast SEO plugin. -->","yoast_head_json":{"title":"Jo\u017ee Mermal - BTC d.d.","robots":{"index":"index","follow":"follow","max-snippet":"max-snippet:-1","max-image-preview":"max-image-preview:large","max-video-preview":"max-video-preview:-1"},"canonical":"https:\/\/www.btc.si\/en\/joze-mermal-en\/","og_locale":"en_US","og_type":"article","og_title":"Jo\u017ee Mermal - BTC d.d.","og_description":"[vc_row row_type=&#8221;parallax&#8221; parallax_content_width=&#8221;full_width&#8221; text_align=&#8221;left&#8221; full_screen_section_height=&#8221;no&#8221; background_image=&#8221;1238&#8243; section_height=&#8221;400&#8243;][vc_column][vc_empty_space height=&#8221;200px&#8221;][vc_column_text] JO\u017dE MERMAL, Chairman of the Board of Directors, BTC d.d. [\/vc_column_text][vc_separator type=&#8221;small&#8221; position=&#8221;center&#8221; color=&#8221;#fcb727&#8243; thickness=&#8221;4&#8243; width=&#8221;100&#8243; up=&#8221;40&#8243; down=&#8221;40&#8243;][vc_empty_space height=&#8221;100px&#8221;][\/vc_column][\/vc_row][vc_row css_animation=&#8221;&#8221; row_type=&#8221;row&#8221; use_row_as_full_screen_section=&#8221;no&#8221; type=&#8221;grid&#8221; angled_section=&#8221;no&#8221; text_align=&#8221;left&#8221; background_image_as_pattern=&#8221;without_pattern&#8221;][vc_column][vc_empty_space height=&#8221;80px&#8221;][vc_column_text css=&#8221;&#8221;] Jo\u017ee Mermal, university graduate in economics, started his professional...","og_url":"https:\/\/www.btc.si\/en\/joze-mermal-en\/","og_site_name":"BTC d.d.","article_modified_time":"2025-11-28T09:32:07+00:00","twitter_card":"summary_large_image","twitter_misc":{"Est. reading time":"5 minutes"},"schema":{"@context":"https:\/\/schema.org","@graph":[{"@type":"WebPage","@id":"https:\/\/www.btc.si\/en\/joze-mermal-en\/","url":"https:\/\/www.btc.si\/en\/joze-mermal-en\/","name":"Jo\u017ee Mermal - BTC d.d.","isPartOf":{"@id":"https:\/\/www.btc.si\/#website"},"datePublished":"2021-04-13T10:20:02+00:00","dateModified":"2025-11-28T09:32:07+00:00","breadcrumb":{"@id":"https:\/\/www.btc.si\/en\/joze-mermal-en\/#breadcrumb"},"inLanguage":"en-US","potentialAction":[{"@type":"ReadAction","target":["https:\/\/www.btc.si\/en\/joze-mermal-en\/"]}]},{"@type":"BreadcrumbList","@id":"https:\/\/www.btc.si\/en\/joze-mermal-en\/#breadcrumb","itemListElement":[{"@type":"ListItem","position":1,"name":"Home","item":"https:\/\/www.btc.si\/en\/"},{"@type":"ListItem","position":2,"name":"Jo\u017ee Mermal"}]},{"@type":"WebSite","@id":"https:\/\/www.btc.si\/#website","url":"https:\/\/www.btc.si\/","name":"BTC d.d.","description":"dinami\u010dna, inovativna, odprta in moderna dru\u017eba, povezana s tradicijo vrednot in v sozvo\u010dju s stalnim napredkom v korist gospodarskega razvoja, okolja in dru\u017ebe.","potentialAction":[{"@type":"SearchAction","target":{"@type":"EntryPoint","urlTemplate":"https:\/\/www.btc.si\/?s={search_term_string}"},"query-input":{"@type":"PropertyValueSpecification","valueRequired":true,"valueName":"search_term_string"}}],"inLanguage":"en-US"}]}},"_links":{"self":[{"href":"https:\/\/www.btc.si\/en\/wp-json\/wp\/v2\/pages\/15225","targetHints":{"allow":["GET"]}}],"collection":[{"href":"https:\/\/www.btc.si\/en\/wp-json\/wp\/v2\/pages"}],"about":[{"href":"https:\/\/www.btc.si\/en\/wp-json\/wp\/v2\/types\/page"}],"author":[{"embeddable":true,"href":"https:\/\/www.btc.si\/en\/wp-json\/wp\/v2\/users\/11"}],"replies":[{"embeddable":true,"href":"https:\/\/www.btc.si\/en\/wp-json\/wp\/v2\/comments?post=15225"}],"version-history":[{"count":6,"href":"https:\/\/www.btc.si\/en\/wp-json\/wp\/v2\/pages\/15225\/revisions"}],"predecessor-version":[{"id":21300,"href":"https:\/\/www.btc.si\/en\/wp-json\/wp\/v2\/pages\/15225\/revisions\/21300"}],"wp:attachment":[{"href":"https:\/\/www.btc.si\/en\/wp-json\/wp\/v2\/media?parent=15225"}],"curies":[{"name":"wp","href":"https:\/\/api.w.org\/{rel}","templated":true}]}}