{"id":7657,"date":"2017-01-31T14:00:21","date_gmt":"2017-01-31T13:00:21","guid":{"rendered":"https:\/\/www.btc.si\/strateski-projekti\/"},"modified":"2023-03-28T14:31:07","modified_gmt":"2023-03-28T12:31:07","slug":"strategic-projects","status":"publish","type":"page","link":"https:\/\/www.btc.si\/en\/discover-btc\/strategic-projects\/","title":{"rendered":"Strategic projects"},"content":{"rendered":"<div class=\"wpb-content-wrapper\"><p>[vc_row row_type=&#8221;parallax&#8221; parallax_content_width=&#8221;in_grid&#8221; text_align=&#8221;left&#8221; full_screen_section_height=&#8221;no&#8221; background_image=&#8221;4130&#8243; section_height=&#8221;600&#8243;][vc_column][vc_separator type=&#8221;transparent&#8221; thickness=&#8221;1&#8243; up=&#8221;250&#8243; down=&#8221;0&#8243;][vc_column_text]<\/p>\n<h1 style=\"text-align: center;\"><span style=\"color: #ffffff;\">For the mind, body and soul<\/span><\/h1>\n<p>[\/vc_column_text][vc_separator type=&#8221;small&#8221; position=&#8221;center&#8221; color=&#8221;#fcb727&#8243; thickness=&#8221;4&#8243; width=&#8221;100&#8243; up=&#8221;40&#8243; down=&#8221;40&#8243;][vc_column_text]<\/p>\n<p style=\"text-align: center; font-size: 28px;\"><span style=\"color: #ffffff;\">Strategic projects<\/span><\/p>\n<p>[\/vc_column_text][\/vc_column][\/vc_row][vc_row css_animation=&#8221;&#8221; row_type=&#8221;row&#8221; use_row_as_full_screen_section=&#8221;no&#8221; type=&#8221;grid&#8221; angled_section=&#8221;no&#8221; text_align=&#8221;left&#8221; background_image_as_pattern=&#8221;without_pattern&#8221;][vc_column width=&#8221;1\/6&#8243;][\/vc_column][vc_column width=&#8221;2\/3&#8243;][vc_empty_space height=&#8221;80px&#8221;][vc_column_text]<\/p>\n<h2 style=\"text-align: center;\">Because only the best ideas develop into great solutions<\/h2>\n<p>[\/vc_column_text][vc_separator type=&#8221;small&#8221; position=&#8221;center&#8221; color=&#8221;#fcb727&#8243; thickness=&#8221;4&#8243; width=&#8221;100&#8243; up=&#8221;40&#8243; down=&#8221;40&#8243;][vc_column_text]<strong>Together we are stronger and only as a team can we create successful, propulsive and striking stories.<\/strong><\/p>\n<p>There are plenty of successful stories in the BTC portfolio, but we could never rest on our laurels so instead we set our sights on the future and develop new strategies and projects.<\/p>\n<p>Innovation, collaboration and social responsibility are the criteria that we pursue in the development of successful stories. It is our obligation to continue in this spirit in the future.[\/vc_column_text][vc_empty_space height=&#8221;80px&#8221;][\/vc_column][vc_column width=&#8221;1\/6&#8243;][\/vc_column][\/vc_row][vc_row css_animation=&#8221;&#8221; row_type=&#8221;row&#8221; use_row_as_full_screen_section=&#8221;no&#8221; type=&#8221;full_width&#8221; angled_section=&#8221;no&#8221; text_align=&#8221;left&#8221; background_image_as_pattern=&#8221;without_pattern&#8221; el_class=&#8221;strateski-projekti-portfolio&#8221;][vc_column][vc_row_inner row_type=&#8221;row&#8221; type=&#8221;full_width&#8221; text_align=&#8221;left&#8221; css_animation=&#8221;&#8221; anchor=&#8221;b2c&#8221; el_class=&#8221;galerija-povezave projekti&#8221;][vc_column_inner]<div class=\"q_image_with_text_over one_third q_iwto_hover\"><div class=\"shader\" style=\"background-color: rgba(33,45,61,0.8)\"><\/div><div class=\"shader_hover\" style=\"background-color: rgba(255,255,255,0.01)\"><\/div><img decoding=\"async\" itemprop=\"image\" src=\"https:\/\/www.btc.si\/wp-content\/uploads\/2023\/03\/btc_maraton-franja-prva.jpg\" alt=\"\" \/><div class=\"text\"><table><tr><td><h3 class=\"caption no_icon\" style=\"font-size: 20px;\">FRANJA BTC CITY MARATHON<\/h3><\/td><\/tr><\/table><table><tr><td><div class=\"desc\"><a  itemprop=\"url\" href=\"\/en\/projekt\/maraton-franja-btc-city\/\" target=\"_self\" data-hover-background-color=\"#ffffff\" data-hover-border-color=\"#ffffff\" data-hover-color=\"#212D3D\" class=\"qbutton  center default\" style=\"color: #ffffff; border-color: #FCB727; background-color:#FCB727;\">MORE<\/a><\/div><\/td><\/tr><\/table><\/div><\/div><div class=\"q_image_with_text_over one_third q_iwto_hover\"><div class=\"shader\" style=\"background-color: rgba(33,45,61,0.8)\"><\/div><div class=\"shader_hover\" style=\"background-color: rgba(255,255,255,0.01)\"><\/div><img decoding=\"async\" itemprop=\"image\" src=\"https:\/\/www.btc.si\/wp-content\/uploads\/2023\/03\/btc_ljubno-prva.jpg\" alt=\"\" \/><div class=\"text\"><table><tr><td><h3 class=\"caption no_icon\" style=\"font-size: 20px;\">FIS LADIES SKI JUMPING WORLD CUP<\/h3><\/td><\/tr><\/table><table><tr><td><div class=\"desc\"><a  itemprop=\"url\" href=\"\/en\/projekt\/fis-svetovni-pokal-v-smucarskih-skokih-za-zenske\/\" target=\"_self\" data-hover-background-color=\"#ffffff\" data-hover-border-color=\"#ffffff\" data-hover-color=\"#212D3D\" class=\"qbutton  center default\" style=\"color: #ffffff; border-color: #FCB727; background-color:#FCB727;\">MORE<\/a><\/div><\/td><\/tr><\/table><\/div><\/div><div class=\"q_image_with_text_over one_third q_iwto_hover\"><div class=\"shader\" style=\"background-color: rgba(33,45,61,0.8)\"><\/div><div class=\"shader_hover\" style=\"background-color: rgba(255,255,255,0.01)\"><\/div><img decoding=\"async\" itemprop=\"image\" src=\"https:\/\/www.btc.si\/wp-content\/uploads\/2022\/12\/Expo-Dubai-strat.jpg\" alt=\"\" \/><div class=\"text\"><table><tr><td><h3 class=\"caption no_icon\" style=\"font-size: 20px;\">EXPO DUBAI<\/h3><\/td><\/tr><\/table><table><tr><td><div class=\"desc\"><a  itemprop=\"url\" href=\"\/expo-dubai\/\" target=\"_self\" data-hover-background-color=\"#ffffff\" data-hover-border-color=\"#ffffff\" data-hover-color=\"#212D3D\" class=\"qbutton  center default\" style=\"color: #ffffff; border-color: #FCB727; background-color:#FCB727;\">MORE<\/a><\/div><\/td><\/tr><\/table><\/div><\/div><div class=\"q_image_with_text_over one_third q_iwto_hover\"><div class=\"shader\" style=\"background-color: rgba(33,45,61,0.8)\"><\/div><div class=\"shader_hover\" style=\"background-color: rgba(255,255,255,0.01)\"><\/div><img decoding=\"async\" itemprop=\"image\" src=\"https:\/\/www.btc.si\/wp-content\/uploads\/2017\/01\/abc_2.jpg\" alt=\"\" \/><div class=\"text\"><table><tr><td><h3 class=\"caption no_icon\" style=\"font-size: 20px;\">ABC ACCELERATOR AND ABC HUB<\/h3><\/td><\/tr><\/table><table><tr><td><div class=\"desc\"><a  itemprop=\"url\" href=\"\/en\/projekt\/abc-accelerator\/\" target=\"_self\" data-hover-background-color=\"#ffffff\" data-hover-border-color=\"#ffffff\" data-hover-color=\"#212D3D\" class=\"qbutton  center default\" style=\"color: #ffffff; border-color: #FCB727; background-color:#FCB727;\">MORE<\/a><\/div><\/td><\/tr><\/table><\/div><\/div><div class=\"q_image_with_text_over one_third q_iwto_hover\"><div class=\"shader\" style=\"background-color: rgba(33,45,61,0.8)\"><\/div><div class=\"shader_hover\" style=\"background-color: rgba(255,255,255,0.01)\"><\/div><img decoding=\"async\" itemprop=\"image\" src=\"https:\/\/www.btc.si\/wp-content\/uploads\/2017\/01\/campus-1.jpg\" alt=\"\" \/><div class=\"text\"><table><tr><td><h3 class=\"caption no_icon\" style=\"font-size: 20px;\">BTC CAMPUS<\/h3><\/td><\/tr><\/table><table><tr><td><div class=\"desc\"><a  itemprop=\"url\" href=\"\/en\/projekt\/btc-campus\/\" target=\"_self\" data-hover-background-color=\"#ffffff\" data-hover-border-color=\"#ffffff\" data-hover-color=\"#212D3D\" class=\"qbutton  center default\" style=\"color: #ffffff; border-color: #FCB727; background-color:#FCB727;\">MORE<\/a><\/div><\/td><\/tr><\/table><\/div><\/div><div class=\"q_image_with_text_over one_third q_iwto_hover\"><div class=\"shader\" style=\"background-color: rgba(33,45,61,0.8)\"><\/div><div class=\"shader_hover\" style=\"background-color: rgba(255,255,255,0.01)\"><\/div><img decoding=\"async\" itemprop=\"image\" src=\"https:\/\/www.btc.si\/wp-content\/uploads\/2021\/05\/DXL0218_2_QR-code-3.jpg\" alt=\"\" \/><div class=\"text\"><table><tr><td><h3 class=\"caption no_icon\" style=\"font-size: 20px;\">BITCOIN CITY<\/h3><\/td><\/tr><\/table><table><tr><td><div class=\"desc\"><a  itemprop=\"url\" href=\"\/en\/projekt\/bitcoin-city\/\" target=\"_self\" data-hover-background-color=\"#ffffff\" data-hover-border-color=\"#ffffff\" data-hover-color=\"#212D3D\" class=\"qbutton  center default\" style=\"color: #ffffff; border-color: #FCB727; background-color:#FCB727;\">MORE<\/a><\/div><\/td><\/tr><\/table><\/div><\/div>[\/vc_column_inner][\/vc_row_inner][\/vc_column][\/vc_row]<\/p>\n<\/div>","protected":false},"excerpt":{"rendered":"<p>[vc_row row_type=&#8221;parallax&#8221; parallax_content_width=&#8221;in_grid&#8221; text_align=&#8221;left&#8221; full_screen_section_height=&#8221;no&#8221; background_image=&#8221;4130&#8243; section_height=&#8221;600&#8243;][vc_column][vc_separator type=&#8221;transparent&#8221; thickness=&#8221;1&#8243; up=&#8221;250&#8243; down=&#8221;0&#8243;][vc_column_text] For the mind, body and soul [\/vc_column_text][vc_separator type=&#8221;small&#8221; position=&#8221;center&#8221; color=&#8221;#fcb727&#8243; thickness=&#8221;4&#8243; width=&#8221;100&#8243; up=&#8221;40&#8243; down=&#8221;40&#8243;][vc_column_text] Strategic projects [\/vc_column_text][\/vc_column][\/vc_row][vc_row css_animation=&#8221;&#8221; row_type=&#8221;row&#8221; use_row_as_full_screen_section=&#8221;no&#8221; type=&#8221;grid&#8221; angled_section=&#8221;no&#8221; text_align=&#8221;left&#8221; background_image_as_pattern=&#8221;without_pattern&#8221;][vc_column width=&#8221;1\/6&#8243;][\/vc_column][vc_column width=&#8221;2\/3&#8243;][vc_empty_space height=&#8221;80px&#8221;][vc_column_text] Because only the best ideas develop into&#8230;<\/p>\n","protected":false},"author":7,"featured_media":0,"parent":7658,"menu_order":0,"comment_status":"closed","ping_status":"closed","template":"full_width.php","meta":{"_acf_changed":false,"footnotes":""},"class_list":["post-7657","page","type-page","status-publish","hentry"],"acf":[],"yoast_head":"<!-- This site is optimized with the Yoast SEO plugin v26.9 - https:\/\/yoast.com\/product\/yoast-seo-wordpress\/ -->\n<title>Strategic projects - BTC d.d.<\/title>\n<meta name=\"robots\" content=\"index, follow, max-snippet:-1, max-image-preview:large, max-video-preview:-1\" \/>\n<link rel=\"canonical\" href=\"https:\/\/www.btc.si\/en\/discover-btc\/strategic-projects\/\" \/>\n<meta property=\"og:locale\" content=\"en_US\" \/>\n<meta property=\"og:type\" content=\"article\" \/>\n<meta property=\"og:title\" content=\"Strategic projects - BTC d.d.\" \/>\n<meta property=\"og:description\" content=\"[vc_row row_type=&#8221;parallax&#8221; parallax_content_width=&#8221;in_grid&#8221; text_align=&#8221;left&#8221; full_screen_section_height=&#8221;no&#8221; background_image=&#8221;4130&#8243; section_height=&#8221;600&#8243;][vc_column][vc_separator type=&#8221;transparent&#8221; thickness=&#8221;1&#8243; up=&#8221;250&#8243; down=&#8221;0&#8243;][vc_column_text] For the mind, body and soul [\/vc_column_text][vc_separator type=&#8221;small&#8221; position=&#8221;center&#8221; color=&#8221;#fcb727&#8243; thickness=&#8221;4&#8243; width=&#8221;100&#8243; up=&#8221;40&#8243; down=&#8221;40&#8243;][vc_column_text] Strategic projects [\/vc_column_text][\/vc_column][\/vc_row][vc_row css_animation=&#8221;&#8221; row_type=&#8221;row&#8221; use_row_as_full_screen_section=&#8221;no&#8221; type=&#8221;grid&#8221; angled_section=&#8221;no&#8221; text_align=&#8221;left&#8221; background_image_as_pattern=&#8221;without_pattern&#8221;][vc_column width=&#8221;1\/6&#8243;][\/vc_column][vc_column width=&#8221;2\/3&#8243;][vc_empty_space height=&#8221;80px&#8221;][vc_column_text] Because only the best ideas develop into...\" \/>\n<meta property=\"og:url\" content=\"https:\/\/www.btc.si\/en\/discover-btc\/strategic-projects\/\" \/>\n<meta property=\"og:site_name\" content=\"BTC d.d.\" \/>\n<meta property=\"article:modified_time\" content=\"2023-03-28T12:31:07+00:00\" \/>\n<meta name=\"twitter:card\" content=\"summary_large_image\" \/>\n<meta name=\"twitter:label1\" content=\"Est. reading time\" \/>\n\t<meta name=\"twitter:data1\" content=\"2 minutes\" \/>\n<script type=\"application\/ld+json\" class=\"yoast-schema-graph\">{\"@context\":\"https:\/\/schema.org\",\"@graph\":[{\"@type\":\"WebPage\",\"@id\":\"https:\/\/www.btc.si\/en\/discover-btc\/strategic-projects\/\",\"url\":\"https:\/\/www.btc.si\/en\/discover-btc\/strategic-projects\/\",\"name\":\"Strategic projects - BTC d.d.\",\"isPartOf\":{\"@id\":\"https:\/\/www.btc.si\/#website\"},\"datePublished\":\"2017-01-31T13:00:21+00:00\",\"dateModified\":\"2023-03-28T12:31:07+00:00\",\"breadcrumb\":{\"@id\":\"https:\/\/www.btc.si\/en\/discover-btc\/strategic-projects\/#breadcrumb\"},\"inLanguage\":\"en-US\",\"potentialAction\":[{\"@type\":\"ReadAction\",\"target\":[\"https:\/\/www.btc.si\/en\/discover-btc\/strategic-projects\/\"]}]},{\"@type\":\"BreadcrumbList\",\"@id\":\"https:\/\/www.btc.si\/en\/discover-btc\/strategic-projects\/#breadcrumb\",\"itemListElement\":[{\"@type\":\"ListItem\",\"position\":1,\"name\":\"Home\",\"item\":\"https:\/\/www.btc.si\/en\/\"},{\"@type\":\"ListItem\",\"position\":2,\"name\":\"Discover BTC\",\"item\":\"https:\/\/www.btc.si\/en\/discover-btc\/\"},{\"@type\":\"ListItem\",\"position\":3,\"name\":\"Strategic projects\"}]},{\"@type\":\"WebSite\",\"@id\":\"https:\/\/www.btc.si\/#website\",\"url\":\"https:\/\/www.btc.si\/\",\"name\":\"BTC d.d.\",\"description\":\"dinami\u010dna, inovativna, odprta in moderna dru\u017eba, povezana s tradicijo vrednot in v sozvo\u010dju s stalnim napredkom v korist gospodarskega razvoja, okolja in dru\u017ebe.\",\"potentialAction\":[{\"@type\":\"SearchAction\",\"target\":{\"@type\":\"EntryPoint\",\"urlTemplate\":\"https:\/\/www.btc.si\/?s={search_term_string}\"},\"query-input\":{\"@type\":\"PropertyValueSpecification\",\"valueRequired\":true,\"valueName\":\"search_term_string\"}}],\"inLanguage\":\"en-US\"}]}<\/script>\n<!-- \/ Yoast SEO plugin. -->","yoast_head_json":{"title":"Strategic projects - BTC d.d.","robots":{"index":"index","follow":"follow","max-snippet":"max-snippet:-1","max-image-preview":"max-image-preview:large","max-video-preview":"max-video-preview:-1"},"canonical":"https:\/\/www.btc.si\/en\/discover-btc\/strategic-projects\/","og_locale":"en_US","og_type":"article","og_title":"Strategic projects - BTC d.d.","og_description":"[vc_row row_type=&#8221;parallax&#8221; parallax_content_width=&#8221;in_grid&#8221; text_align=&#8221;left&#8221; full_screen_section_height=&#8221;no&#8221; background_image=&#8221;4130&#8243; section_height=&#8221;600&#8243;][vc_column][vc_separator type=&#8221;transparent&#8221; thickness=&#8221;1&#8243; up=&#8221;250&#8243; down=&#8221;0&#8243;][vc_column_text] For the mind, body and soul [\/vc_column_text][vc_separator type=&#8221;small&#8221; position=&#8221;center&#8221; color=&#8221;#fcb727&#8243; thickness=&#8221;4&#8243; width=&#8221;100&#8243; up=&#8221;40&#8243; down=&#8221;40&#8243;][vc_column_text] Strategic projects [\/vc_column_text][\/vc_column][\/vc_row][vc_row css_animation=&#8221;&#8221; row_type=&#8221;row&#8221; use_row_as_full_screen_section=&#8221;no&#8221; type=&#8221;grid&#8221; angled_section=&#8221;no&#8221; text_align=&#8221;left&#8221; background_image_as_pattern=&#8221;without_pattern&#8221;][vc_column width=&#8221;1\/6&#8243;][\/vc_column][vc_column width=&#8221;2\/3&#8243;][vc_empty_space height=&#8221;80px&#8221;][vc_column_text] Because only the best ideas develop into...","og_url":"https:\/\/www.btc.si\/en\/discover-btc\/strategic-projects\/","og_site_name":"BTC d.d.","article_modified_time":"2023-03-28T12:31:07+00:00","twitter_card":"summary_large_image","twitter_misc":{"Est. reading time":"2 minutes"},"schema":{"@context":"https:\/\/schema.org","@graph":[{"@type":"WebPage","@id":"https:\/\/www.btc.si\/en\/discover-btc\/strategic-projects\/","url":"https:\/\/www.btc.si\/en\/discover-btc\/strategic-projects\/","name":"Strategic projects - BTC d.d.","isPartOf":{"@id":"https:\/\/www.btc.si\/#website"},"datePublished":"2017-01-31T13:00:21+00:00","dateModified":"2023-03-28T12:31:07+00:00","breadcrumb":{"@id":"https:\/\/www.btc.si\/en\/discover-btc\/strategic-projects\/#breadcrumb"},"inLanguage":"en-US","potentialAction":[{"@type":"ReadAction","target":["https:\/\/www.btc.si\/en\/discover-btc\/strategic-projects\/"]}]},{"@type":"BreadcrumbList","@id":"https:\/\/www.btc.si\/en\/discover-btc\/strategic-projects\/#breadcrumb","itemListElement":[{"@type":"ListItem","position":1,"name":"Home","item":"https:\/\/www.btc.si\/en\/"},{"@type":"ListItem","position":2,"name":"Discover BTC","item":"https:\/\/www.btc.si\/en\/discover-btc\/"},{"@type":"ListItem","position":3,"name":"Strategic projects"}]},{"@type":"WebSite","@id":"https:\/\/www.btc.si\/#website","url":"https:\/\/www.btc.si\/","name":"BTC d.d.","description":"dinami\u010dna, inovativna, odprta in moderna dru\u017eba, povezana s tradicijo vrednot in v sozvo\u010dju s stalnim napredkom v korist gospodarskega razvoja, okolja in dru\u017ebe.","potentialAction":[{"@type":"SearchAction","target":{"@type":"EntryPoint","urlTemplate":"https:\/\/www.btc.si\/?s={search_term_string}"},"query-input":{"@type":"PropertyValueSpecification","valueRequired":true,"valueName":"search_term_string"}}],"inLanguage":"en-US"}]}},"_links":{"self":[{"href":"https:\/\/www.btc.si\/en\/wp-json\/wp\/v2\/pages\/7657","targetHints":{"allow":["GET"]}}],"collection":[{"href":"https:\/\/www.btc.si\/en\/wp-json\/wp\/v2\/pages"}],"about":[{"href":"https:\/\/www.btc.si\/en\/wp-json\/wp\/v2\/types\/page"}],"author":[{"embeddable":true,"href":"https:\/\/www.btc.si\/en\/wp-json\/wp\/v2\/users\/7"}],"replies":[{"embeddable":true,"href":"https:\/\/www.btc.si\/en\/wp-json\/wp\/v2\/comments?post=7657"}],"version-history":[{"count":6,"href":"https:\/\/www.btc.si\/en\/wp-json\/wp\/v2\/pages\/7657\/revisions"}],"predecessor-version":[{"id":18247,"href":"https:\/\/www.btc.si\/en\/wp-json\/wp\/v2\/pages\/7657\/revisions\/18247"}],"up":[{"embeddable":true,"href":"https:\/\/www.btc.si\/en\/wp-json\/wp\/v2\/pages\/7658"}],"wp:attachment":[{"href":"https:\/\/www.btc.si\/en\/wp-json\/wp\/v2\/media?parent=7657"}],"curies":[{"name":"wp","href":"https:\/\/api.w.org\/{rel}","templated":true}]}}