{"id":8663,"date":"2017-12-15T15:02:15","date_gmt":"2017-12-15T14:02:15","guid":{"rendered":"https:\/\/www.btc.si\/kazalo-strani\/"},"modified":"2025-12-08T14:56:00","modified_gmt":"2025-12-08T13:56:00","slug":"kazalo-strani","status":"publish","type":"page","link":"https:\/\/www.btc.si\/en\/kazalo-strani\/","title":{"rendered":"Kazalo strani"},"content":{"rendered":"<div class=\"wsp-container\"><h2 class=\"wsp-pages-title\">Pages<\/h2>\n<ul class=\"wsp-pages-list\">\n<li class=\"page_item page-item-19342\"><a href=\"https:\/\/www.btc.si\/en\/70-years\/\">70 Years of Setting the Pace<\/a><\/li>\n<li class=\"page_item page-item-8663\"><a href=\"https:\/\/www.btc.si\/en\/kazalo-strani\/\">Kazalo strani<\/a><\/li>\n<li class=\"page_item page-item-7659\"><a href=\"https:\/\/www.btc.si\/en\/\">Home<\/a><\/li>\n<li class=\"page_item page-item-7655\"><a href=\"https:\/\/www.btc.si\/en\/about-us\/\">About us<\/a><\/li>\n<li class=\"page_item page-item-7658 page_item_has_children\"><a href=\"https:\/\/www.btc.si\/en\/discover-btc\/\">Discover BTC<\/a>\n<ul class='children'>\n\t<li class=\"page_item page-item-7657\"><a href=\"https:\/\/www.btc.si\/en\/discover-btc\/strategic-projects\/\">Strategic projects<\/a><\/li>\n\t<li class=\"page_item page-item-7644\"><a href=\"https:\/\/www.btc.si\/en\/discover-btc\/btc-living-lab\/\">BTC Living Lab<\/a><\/li>\n<\/ul>\n<\/li>\n<li class=\"page_item page-item-7654\"><a href=\"https:\/\/www.btc.si\/en\/btc-city\/\">BTC City<\/a><\/li>\n<li class=\"page_item page-item-7656 page_item_has_children\"><a href=\"https:\/\/www.btc.si\/en\/btc-logistics\/\">BTC Logistics<\/a>\n<ul class='children'>\n\t<li class=\"page_item page-item-21492\"><a href=\"https:\/\/www.btc.si\/en\/btc-logistics\/btc-customs-terminal\/\">BTC Customs Terminal<\/a><\/li>\n<\/ul>\n<\/li>\n<li class=\"page_item page-item-7652\"><a href=\"https:\/\/www.btc.si\/en\/btc-prop\/\">BTC PROP<\/a><\/li>\n<li class=\"page_item page-item-7653\"><a href=\"https:\/\/www.btc.si\/en\/sustainability\/\">Sustainability<\/a><\/li>\n<li class=\"page_item page-item-7650 page_item_has_children\"><a href=\"https:\/\/www.btc.si\/en\/media-centre\/\">Media centre<\/a>\n<ul class='children'>\n\t<li class=\"page_item page-item-7643\"><a href=\"https:\/\/www.btc.si\/en\/media-centre\/corporate-visual-identity-2\/\">Corporate visual identity<\/a><\/li>\n\t<li class=\"page_item page-item-9039\"><a href=\"https:\/\/www.btc.si\/en\/media-centre\/corporate-visual-identity\/\">Corporate visual identity<\/a><\/li>\n\t<li class=\"page_item page-item-7648\"><a href=\"https:\/\/www.btc.si\/en\/media-centre\/events\/\">Events<\/a><\/li>\n\t<li class=\"page_item page-item-7647\"><a href=\"https:\/\/www.btc.si\/en\/media-centre\/news\/\">News<\/a><\/li>\n\t<li class=\"page_item page-item-7646\"><a href=\"https:\/\/www.btc.si\/en\/media-centre\/press-releases\/\">Press releases<\/a><\/li>\n\t<li class=\"page_item page-item-7649 page_item_has_children\"><a href=\"https:\/\/www.btc.si\/en\/media-centre\/publications\/\">Publications<\/a>\n\t<ul class='children'>\n\t\t<li class=\"page_item page-item-8976\"><a href=\"https:\/\/www.btc.si\/en\/media-centre\/publications\/publications\/\">Publications<\/a><\/li>\n\t<\/ul>\n<\/li>\n<\/ul>\n<\/li>\n<li class=\"page_item page-item-9156\"><a href=\"https:\/\/www.btc.si\/en\/announcing\/\">Announcing<\/a><\/li>\n<li class=\"page_item page-item-9966\"><a href=\"https:\/\/www.btc.si\/en\/bitcoin-city\/\">BITCOIN CITY<\/a><\/li>\n<li class=\"page_item page-item-10248\"><a href=\"https:\/\/www.btc.si\/en\/bitcoin-city-objave\/\">Bitcoin city objave<\/a><\/li>\n<li class=\"page_item page-item-7660\"><a href=\"https:\/\/www.btc.si\/en\/contact-3-2\/\">Contact<\/a><\/li>\n<li class=\"page_item page-item-12097\"><a href=\"https:\/\/www.btc.si\/en\/contact-2\/\">Contact<\/a><\/li>\n<li class=\"page_item page-item-15225\"><a href=\"https:\/\/www.btc.si\/en\/joze-mermal-en\/\">Jo\u017ee Mermal<\/a><\/li>\n<li class=\"page_item page-item-9279\"><a href=\"https:\/\/www.btc.si\/en\/open-job-positions\/\">Open job positions<\/a><\/li>\n<li class=\"page_item page-item-10552\"><a href=\"https:\/\/www.btc.si\/en\/authors\/\">Authors<\/a><\/li>\n<li class=\"page_item page-item-7642\"><a href=\"https:\/\/www.btc.si\/en\/terms-of-use\/\">Terms of use<\/a><\/li>\n<\/ul>\n<\/div>\n","protected":false},"excerpt":{"rendered":"Pages 70 Years of Setting the Pace Kazalo strani Home About us Discover BTC Strategic projects BTC Living Lab BTC City BTC Logistics BTC Customs Terminal BTC PROP Sustainability Media centre Corporate visual identity Corporate visual identity Events News Press releases Publications Publications Announcing BITCOIN...","protected":false},"author":7,"featured_media":0,"parent":0,"menu_order":0,"comment_status":"closed","ping_status":"closed","template":"","meta":{"_acf_changed":false,"footnotes":""},"class_list":["post-8663","page","type-page","status-publish","hentry"],"acf":[],"yoast_head":"<!-- This site is optimized with the Yoast SEO plugin v26.9 - https:\/\/yoast.com\/product\/yoast-seo-wordpress\/ -->\n<title>Kazalo strani - BTC d.d.<\/title>\n<meta name=\"robots\" content=\"index, follow, max-snippet:-1, max-image-preview:large, max-video-preview:-1\" \/>\n<link rel=\"canonical\" href=\"https:\/\/www.btc.si\/en\/kazalo-strani\/\" \/>\n<meta property=\"og:locale\" content=\"en_US\" \/>\n<meta property=\"og:type\" content=\"article\" \/>\n<meta property=\"og:title\" content=\"Kazalo strani - BTC d.d.\" \/>\n<meta property=\"og:url\" content=\"https:\/\/www.btc.si\/en\/kazalo-strani\/\" \/>\n<meta property=\"og:site_name\" content=\"BTC d.d.\" \/>\n<meta property=\"article:modified_time\" content=\"2025-12-08T13:56:00+00:00\" \/>\n<meta name=\"twitter:card\" content=\"summary_large_image\" \/>\n<script type=\"application\/ld+json\" class=\"yoast-schema-graph\">{\"@context\":\"https:\/\/schema.org\",\"@graph\":[{\"@type\":\"WebPage\",\"@id\":\"https:\/\/www.btc.si\/en\/kazalo-strani\/\",\"url\":\"https:\/\/www.btc.si\/en\/kazalo-strani\/\",\"name\":\"Kazalo strani - BTC d.d.\",\"isPartOf\":{\"@id\":\"https:\/\/www.btc.si\/#website\"},\"datePublished\":\"2017-12-15T14:02:15+00:00\",\"dateModified\":\"2025-12-08T13:56:00+00:00\",\"breadcrumb\":{\"@id\":\"https:\/\/www.btc.si\/en\/kazalo-strani\/#breadcrumb\"},\"inLanguage\":\"en-US\",\"potentialAction\":[{\"@type\":\"ReadAction\",\"target\":[\"https:\/\/www.btc.si\/en\/kazalo-strani\/\"]}]},{\"@type\":\"BreadcrumbList\",\"@id\":\"https:\/\/www.btc.si\/en\/kazalo-strani\/#breadcrumb\",\"itemListElement\":[{\"@type\":\"ListItem\",\"position\":1,\"name\":\"Home\",\"item\":\"https:\/\/www.btc.si\/en\/\"},{\"@type\":\"ListItem\",\"position\":2,\"name\":\"Kazalo strani\"}]},{\"@type\":\"WebSite\",\"@id\":\"https:\/\/www.btc.si\/#website\",\"url\":\"https:\/\/www.btc.si\/\",\"name\":\"BTC d.d.\",\"description\":\"dinami\u010dna, inovativna, odprta in moderna dru\u017eba, povezana s tradicijo vrednot in v sozvo\u010dju s stalnim napredkom v korist gospodarskega razvoja, okolja in dru\u017ebe.\",\"potentialAction\":[{\"@type\":\"SearchAction\",\"target\":{\"@type\":\"EntryPoint\",\"urlTemplate\":\"https:\/\/www.btc.si\/?s={search_term_string}\"},\"query-input\":{\"@type\":\"PropertyValueSpecification\",\"valueRequired\":true,\"valueName\":\"search_term_string\"}}],\"inLanguage\":\"en-US\"}]}<\/script>\n<!-- \/ Yoast SEO plugin. -->","yoast_head_json":{"title":"Kazalo strani - BTC d.d.","robots":{"index":"index","follow":"follow","max-snippet":"max-snippet:-1","max-image-preview":"max-image-preview:large","max-video-preview":"max-video-preview:-1"},"canonical":"https:\/\/www.btc.si\/en\/kazalo-strani\/","og_locale":"en_US","og_type":"article","og_title":"Kazalo strani - BTC d.d.","og_url":"https:\/\/www.btc.si\/en\/kazalo-strani\/","og_site_name":"BTC d.d.","article_modified_time":"2025-12-08T13:56:00+00:00","twitter_card":"summary_large_image","schema":{"@context":"https:\/\/schema.org","@graph":[{"@type":"WebPage","@id":"https:\/\/www.btc.si\/en\/kazalo-strani\/","url":"https:\/\/www.btc.si\/en\/kazalo-strani\/","name":"Kazalo strani - BTC d.d.","isPartOf":{"@id":"https:\/\/www.btc.si\/#website"},"datePublished":"2017-12-15T14:02:15+00:00","dateModified":"2025-12-08T13:56:00+00:00","breadcrumb":{"@id":"https:\/\/www.btc.si\/en\/kazalo-strani\/#breadcrumb"},"inLanguage":"en-US","potentialAction":[{"@type":"ReadAction","target":["https:\/\/www.btc.si\/en\/kazalo-strani\/"]}]},{"@type":"BreadcrumbList","@id":"https:\/\/www.btc.si\/en\/kazalo-strani\/#breadcrumb","itemListElement":[{"@type":"ListItem","position":1,"name":"Home","item":"https:\/\/www.btc.si\/en\/"},{"@type":"ListItem","position":2,"name":"Kazalo strani"}]},{"@type":"WebSite","@id":"https:\/\/www.btc.si\/#website","url":"https:\/\/www.btc.si\/","name":"BTC d.d.","description":"dinami\u010dna, inovativna, odprta in moderna dru\u017eba, povezana s tradicijo vrednot in v sozvo\u010dju s stalnim napredkom v korist gospodarskega razvoja, okolja in dru\u017ebe.","potentialAction":[{"@type":"SearchAction","target":{"@type":"EntryPoint","urlTemplate":"https:\/\/www.btc.si\/?s={search_term_string}"},"query-input":{"@type":"PropertyValueSpecification","valueRequired":true,"valueName":"search_term_string"}}],"inLanguage":"en-US"}]}},"_links":{"self":[{"href":"https:\/\/www.btc.si\/en\/wp-json\/wp\/v2\/pages\/8663","targetHints":{"allow":["GET"]}}],"collection":[{"href":"https:\/\/www.btc.si\/en\/wp-json\/wp\/v2\/pages"}],"about":[{"href":"https:\/\/www.btc.si\/en\/wp-json\/wp\/v2\/types\/page"}],"author":[{"embeddable":true,"href":"https:\/\/www.btc.si\/en\/wp-json\/wp\/v2\/users\/7"}],"replies":[{"embeddable":true,"href":"https:\/\/www.btc.si\/en\/wp-json\/wp\/v2\/comments?post=8663"}],"version-history":[{"count":3,"href":"https:\/\/www.btc.si\/en\/wp-json\/wp\/v2\/pages\/8663\/revisions"}],"predecessor-version":[{"id":21395,"href":"https:\/\/www.btc.si\/en\/wp-json\/wp\/v2\/pages\/8663\/revisions\/21395"}],"wp:attachment":[{"href":"https:\/\/www.btc.si\/en\/wp-json\/wp\/v2\/media?parent=8663"}],"curies":[{"name":"wp","href":"https:\/\/api.w.org\/{rel}","templated":true}]}}