{"id":9039,"date":"2018-03-13T12:40:26","date_gmt":"2018-03-13T11:40:26","guid":{"rendered":"https:\/\/www.btc.si\/?page_id=9039"},"modified":"2024-02-01T09:47:35","modified_gmt":"2024-02-01T08:47:35","slug":"corporate-visual-identity","status":"publish","type":"page","link":"https:\/\/www.btc.si\/en\/media-centre\/corporate-visual-identity\/","title":{"rendered":"Corporate visual identity"},"content":{"rendered":"<div class=\"wpb-content-wrapper\"><p>[vc_row css_animation=&#8221;&#8221; row_type=&#8221;row&#8221; use_row_as_full_screen_section=&#8221;no&#8221; type=&#8221;full_width&#8221; angled_section=&#8221;no&#8221; text_align=&#8221;left&#8221; background_image_as_pattern=&#8221;without_pattern&#8221; css=&#8221;.vc_custom_1492700507201{background-image: url(https:\/\/www.btc.si\/wp-content\/uploads\/2017\/04\/paralax_PROP_01-400px.jpg?id=1733) !important;}&#8221;][vc_column][vc_empty_space height=&#8221;200px&#8221;][vc_column_text]<\/p>\n<h1 style=\"text-align: center;\"><span style=\"color: #ffffff;\">All information at a glance.<\/span><\/h1>\n<p>[\/vc_column_text][vc_separator type=&#8221;small&#8221; position=&#8221;center&#8221; color=&#8221;#fcb727&#8243; thickness=&#8221;4&#8243; width=&#8221;100&#8243; up=&#8221;40&#8243; down=&#8221;40&#8243;][vc_empty_space height=&#8221;100px&#8221;][\/vc_column][\/vc_row][vc_row css_animation=&#8221;&#8221; row_type=&#8221;row&#8221; use_row_as_full_screen_section=&#8221;no&#8221; type=&#8221;grid&#8221; angled_section=&#8221;no&#8221; text_align=&#8221;left&#8221; background_image_as_pattern=&#8221;without_pattern&#8221; background_color=&#8221;#212d3d&#8221; el_class=&#8221;subMenuSection&#8221;][vc_column][vc_column_text el_class=&#8221;BussinesspageSubMenu&#8221;]<\/p>\n<ul>\n<li><a href=\"https:\/\/www.btc.si\/en\/media-centre\/news\/\">News<\/a><\/li>\n<li><a href=\"https:\/\/www.btc.si\/en\/media-centre\/press-releases\/\">Press releases<\/a><\/li>\n<li><a href=\"https:\/\/www.btc.si\/en\/media-centre\/publications\/\">Publications<\/a><\/li>\n<li><a href=\"https:\/\/www.btc.si\/en\/media-centre\/corporate-visual-identity\/\">Corporate visual identity<\/a><\/li>\n<\/ul>\n<p>[\/vc_column_text][\/vc_column][\/vc_row][vc_row css_animation=&#8221;&#8221; row_type=&#8221;row&#8221; use_row_as_full_screen_section=&#8221;no&#8221; type=&#8221;full_width&#8221; angled_section=&#8221;no&#8221; text_align=&#8221;left&#8221; background_image_as_pattern=&#8221;without_pattern&#8221;][vc_column][vc_empty_space height=&#8221;100px&#8221;][\/vc_column][\/vc_row][vc_row css_animation=&#8221;&#8221; row_type=&#8221;row&#8221; use_row_as_full_screen_section=&#8221;no&#8221; type=&#8221;grid&#8221; angled_section=&#8221;no&#8221; text_align=&#8221;left&#8221; background_image_as_pattern=&#8221;without_pattern&#8221;][vc_column width=&#8221;3\/4&#8243;][vc_row_inner row_type=&#8221;row&#8221; type=&#8221;full_width&#8221; text_align=&#8221;left&#8221; css_animation=&#8221;&#8221;][vc_column_inner width=&#8221;1\/2&#8243;][vc_column_text]<span style=\"color: #212d3d;\"><strong>BTC<\/strong><\/span>[\/vc_column_text][\/vc_column_inner][vc_column_inner width=&#8221;1\/2&#8243;][vc_column_text]<\/p>\n<p style=\"text-align: right;\"><i class=\"fa fa-download\" aria-hidden=\"true\"><\/i><span style=\"color: #212d3d;\"> <a href=\"https:\/\/www.btc.si\/wp-content\/uploads\/2017\/10\/btc_1.jpg\">.jpg<\/a> \/ <a href=\"https:\/\/www.btc.si\/wp-content\/uploads\/2017\/10\/BTC.pdf\">.pdf<\/a><\/span><\/p>\n<p>[\/vc_column_text][\/vc_column_inner][\/vc_row_inner][vc_separator type=&#8221;normal&#8221; color=&#8221;#212d3d&#8221;][vc_row_inner row_type=&#8221;row&#8221; type=&#8221;full_width&#8221; text_align=&#8221;left&#8221; css_animation=&#8221;&#8221;][vc_column_inner width=&#8221;1\/2&#8243;][vc_column_text]<span style=\"color: #212d3d;\"><strong>BTC CITY<\/strong><\/span>[\/vc_column_text][\/vc_column_inner][vc_column_inner width=&#8221;1\/2&#8243;][vc_column_text]<\/p>\n<p style=\"text-align: right;\"><i class=\"fa fa-download\" aria-hidden=\"true\"><\/i><span style=\"color: #212d3d;\"> <a href=\"https:\/\/www.btc.si\/wp-content\/uploads\/2017\/10\/btccity_1.jpg\">.jpg<\/a> \/ <a href=\"https:\/\/www.btc.si\/wp-content\/uploads\/2017\/10\/BTC_City.pdf\">.pdf<\/a><\/span><\/p>\n<p>[\/vc_column_text][\/vc_column_inner][\/vc_row_inner][vc_separator type=&#8221;normal&#8221; color=&#8221;#212d3d&#8221;][vc_row_inner row_type=&#8221;row&#8221; type=&#8221;full_width&#8221; text_align=&#8221;left&#8221; css_animation=&#8221;&#8221;][vc_column_inner width=&#8221;1\/2&#8243;][vc_column_text]<span style=\"color: #212d3d;\"><strong>BTC CITY &#8211; Visual Identity<br \/>\n<\/strong><\/span>[\/vc_column_text][\/vc_column_inner][vc_column_inner width=&#8221;1\/2&#8243;][vc_column_text]<\/p>\n<p style=\"text-align: right;\"><i class=\"fa fa-download\" aria-hidden=\"true\"><\/i><span style=\"color: #212d3d;\"> <a href=\"https:\/\/www.btc.si\/wp-content\/uploads\/2024\/02\/BTC_CITY_prirocnik_podobe_web2024.pdf\">.pdf<\/a><\/span><\/p>\n<p>[\/vc_column_text][\/vc_column_inner][\/vc_row_inner][vc_separator type=&#8221;normal&#8221; color=&#8221;#212d3d&#8221;][vc_row_inner row_type=&#8221;row&#8221; type=&#8221;full_width&#8221; text_align=&#8221;left&#8221; css_animation=&#8221;&#8221;][vc_column_inner width=&#8221;1\/2&#8243;][vc_column_text]<span style=\"color: #212d3d;\"><strong>BTC Logistincni center<\/strong><\/span>[\/vc_column_text][\/vc_column_inner][vc_column_inner width=&#8221;1\/2&#8243;][vc_column_text]<\/p>\n<p style=\"text-align: right;\"><i class=\"fa fa-download\" aria-hidden=\"true\"><\/i><span style=\"color: #212d3d;\"> <a href=\"https:\/\/www.btc.si\/wp-content\/uploads\/2017\/10\/btclogistcni_1.jpg\">.jpg<\/a> \/ <a href=\"https:\/\/www.btc.si\/wp-content\/uploads\/2017\/10\/BTC_Logistic_center-en.pdf\">.pdf<\/a><\/span><\/p>\n<p>[\/vc_column_text][\/vc_column_inner][\/vc_row_inner][vc_separator type=&#8221;normal&#8221; color=&#8221;#212d3d&#8221;][vc_row_inner row_type=&#8221;row&#8221; type=&#8221;full_width&#8221; text_align=&#8221;left&#8221; css_animation=&#8221;&#8221;][vc_column_inner width=&#8221;1\/2&#8243;][vc_column_text]<span style=\"color: #212d3d;\"><strong>BTC PROP<\/strong><\/span>[\/vc_column_text][\/vc_column_inner][vc_column_inner width=&#8221;1\/2&#8243;][vc_column_text]<\/p>\n<p style=\"text-align: right;\"><i class=\"fa fa-download\" aria-hidden=\"true\"><\/i><span style=\"color: #212d3d;\"> <a href=\"https:\/\/www.btc.si\/wp-content\/uploads\/2017\/10\/BTC-PROP.jpg\">.jpg<\/a> \/ <a href=\"https:\/\/www.btc.si\/wp-content\/uploads\/2017\/10\/BTC-PROP.pdf\">.pdf<\/a><\/span><\/p>\n<p>[\/vc_column_text][\/vc_column_inner][\/vc_row_inner][vc_separator type=&#8221;normal&#8221; color=&#8221;#212d3d&#8221;][vc_row_inner row_type=&#8221;row&#8221; type=&#8221;full_width&#8221; text_align=&#8221;left&#8221; css_animation=&#8221;&#8221;][vc_column_inner width=&#8221;1\/2&#8243;][vc_column_text]<span style=\"color: #212d3d;\"><strong>Misija: Zeleno<\/strong><\/span>[\/vc_column_text][\/vc_column_inner][vc_column_inner width=&#8221;1\/2&#8243;][vc_column_text]<\/p>\n<p style=\"text-align: right;\"><i class=\"fa fa-download\" aria-hidden=\"true\"><\/i><span style=\"color: #212d3d;\"> <a href=\"https:\/\/www.btc.si\/wp-content\/uploads\/2017\/10\/misijazeleno_1.jpg\">.jpg<\/a> \/ <a href=\"https:\/\/www.btc.si\/wp-content\/uploads\/2017\/10\/BTC_Misija_Zeleno-si.pdf\">.pdf<\/a><\/span><\/p>\n<p>[\/vc_column_text][\/vc_column_inner][\/vc_row_inner][vc_separator type=&#8221;normal&#8221; color=&#8221;#212d3d&#8221;][vc_row_inner row_type=&#8221;row&#8221; type=&#8221;full_width&#8221; text_align=&#8221;left&#8221; css_animation=&#8221;&#8221;][vc_column_inner width=&#8221;1\/2&#8243;][vc_column_text]<span style=\"color: #212d3d;\"><strong>Vodno mesto Atlantis<\/strong><\/span>[\/vc_column_text][\/vc_column_inner][vc_column_inner width=&#8221;1\/2&#8243;][vc_column_text]<\/p>\n<p style=\"text-align: right;\"><i class=\"fa fa-download\" aria-hidden=\"true\"><\/i><span style=\"color: #212d3d;\"> <a href=\"https:\/\/www.btc.si\/wp-content\/uploads\/2017\/10\/atlantis_1.jpg\">.jpg<\/a> \/ <a href=\"https:\/\/www.btc.si\/wp-content\/uploads\/2017\/10\/Vodno_mesto_Atlantis.pdf\">.pdf<\/a><\/span><\/p>\n<p>[\/vc_column_text][\/vc_column_inner][\/vc_row_inner][vc_separator type=&#8221;normal&#8221; color=&#8221;#212d3d&#8221;][vc_row_inner row_type=&#8221;row&#8221; type=&#8221;full_width&#8221; text_align=&#8221;left&#8221; css_animation=&#8221;&#8221;][vc_column_inner width=&#8221;1\/2&#8243;][vc_column_text]<span style=\"color: #212d3d;\"><strong>\u0160portni center Milenium<\/strong><\/span>[\/vc_column_text][\/vc_column_inner][vc_column_inner width=&#8221;1\/2&#8243;][vc_column_text]<\/p>\n<p style=\"text-align: right;\"><i class=\"fa fa-download\" aria-hidden=\"true\"><\/i><span style=\"color: #212d3d;\"> <a href=\"https:\/\/www.btc.si\/wp-content\/uploads\/2017\/10\/milenium_1.jpg\">.jpg<\/a> \/ <a href=\"https:\/\/www.btc.si\/wp-content\/uploads\/2017\/10\/milenium.pdf\">.pdf<\/a><\/span><\/p>\n<p>[\/vc_column_text][\/vc_column_inner][\/vc_row_inner][vc_separator type=&#8221;normal&#8221; color=&#8221;#212d3d&#8221;][vc_row_inner row_type=&#8221;row&#8221; type=&#8221;full_width&#8221; text_align=&#8221;left&#8221; css_animation=&#8221;&#8221;][vc_column_inner width=&#8221;1\/2&#8243;][vc_column_text]<span style=\"color: #212d3d;\"><strong>Kristalna pala\u010da<\/strong><\/span>[\/vc_column_text][\/vc_column_inner][vc_column_inner width=&#8221;1\/2&#8243;][vc_column_text]<\/p>\n<p style=\"text-align: right;\"><i class=\"fa fa-download\" aria-hidden=\"true\"><\/i><span style=\"color: #212d3d;\"> <a href=\"https:\/\/www.btc.si\/wp-content\/uploads\/2017\/10\/kristalnapalaca.jpg\">.jpg<\/a> \/ <a href=\"https:\/\/www.btc.si\/wp-content\/uploads\/2017\/10\/Kristalna_palaca-si.pdf\">.pdf<\/a><\/span><\/p>\n<p>[\/vc_column_text][\/vc_column_inner][\/vc_row_inner][vc_separator type=&#8221;normal&#8221; color=&#8221;#212d3d&#8221;][vc_row_inner row_type=&#8221;row&#8221; type=&#8221;full_width&#8221; text_align=&#8221;left&#8221; css_animation=&#8221;&#8221;][vc_column_inner width=&#8221;1\/2&#8243;][vc_column_text]<span style=\"color: #212d3d;\"><strong>SiTi Teater BTC<\/strong><\/span>[\/vc_column_text][\/vc_column_inner][vc_column_inner width=&#8221;1\/2&#8243;][vc_column_text]<\/p>\n<p style=\"text-align: right;\"><i class=\"fa fa-download\" aria-hidden=\"true\"><\/i><span style=\"color: #212d3d;\"> <a href=\"https:\/\/www.btc.si\/wp-content\/uploads\/2017\/10\/sititeater_1.jpg\">.jpg<\/a> \/ <a href=\"https:\/\/www.btc.si\/wp-content\/uploads\/2017\/10\/Sititeater.pdf\">.pdf<\/a><\/span><\/p>\n<p>[\/vc_column_text][\/vc_column_inner][\/vc_row_inner][vc_separator type=&#8221;normal&#8221; color=&#8221;#212d3d&#8221;][vc_row_inner row_type=&#8221;row&#8221; type=&#8221;full_width&#8221; text_align=&#8221;left&#8221; css_animation=&#8221;&#8221;][vc_column_inner width=&#8221;1\/2&#8243;][vc_column_text]<span style=\"color: #212d3d;\"><strong>Restavracija City<\/strong><\/span>[\/vc_column_text][\/vc_column_inner][vc_column_inner width=&#8221;1\/2&#8243;][vc_column_text]<\/p>\n<p style=\"text-align: right;\"><i class=\"fa fa-download\" aria-hidden=\"true\"><\/i><span style=\"color: #212d3d;\"> <a href=\"https:\/\/www.btc.si\/wp-content\/uploads\/2017\/10\/cityrestavracija_1.jpg\">.jpg<\/a> \/ <a href=\"https:\/\/www.btc.si\/wp-content\/uploads\/2017\/10\/restavracija-city.pdf\">.pdf<\/a><\/span><\/p>\n<p>[\/vc_column_text][\/vc_column_inner][\/vc_row_inner][vc_separator type=&#8221;normal&#8221; color=&#8221;#212d3d&#8221;][vc_empty_space height=&#8221;80px&#8221;][\/vc_column][vc_column width=&#8221;1\/4&#8243;][vc_widget_sidebar sidebar_id=&#8221;CGP&#8221;][\/vc_column][\/vc_row]<\/p>\n<\/div>","protected":false},"excerpt":{"rendered":"<p>[vc_row css_animation=&#8221;&#8221; row_type=&#8221;row&#8221; use_row_as_full_screen_section=&#8221;no&#8221; type=&#8221;full_width&#8221; angled_section=&#8221;no&#8221; text_align=&#8221;left&#8221; background_image_as_pattern=&#8221;without_pattern&#8221; css=&#8221;.vc_custom_1492700507201{background-image: url(https:\/\/www.btc.si\/wp-content\/uploads\/2017\/04\/paralax_PROP_01-400px.jpg?id=1733) !important;}&#8221;][vc_column][vc_empty_space height=&#8221;200px&#8221;][vc_column_text] All information at a glance. [\/vc_column_text][vc_separator type=&#8221;small&#8221; position=&#8221;center&#8221; color=&#8221;#fcb727&#8243; thickness=&#8221;4&#8243; width=&#8221;100&#8243; up=&#8221;40&#8243; down=&#8221;40&#8243;][vc_empty_space height=&#8221;100px&#8221;][\/vc_column][\/vc_row][vc_row css_animation=&#8221;&#8221; row_type=&#8221;row&#8221; use_row_as_full_screen_section=&#8221;no&#8221; type=&#8221;grid&#8221; angled_section=&#8221;no&#8221; text_align=&#8221;left&#8221; background_image_as_pattern=&#8221;without_pattern&#8221; background_color=&#8221;#212d3d&#8221; el_class=&#8221;subMenuSection&#8221;][vc_column][vc_column_text el_class=&#8221;BussinesspageSubMenu&#8221;] News Press releases Publications Corporate visual identity [\/vc_column_text][\/vc_column][\/vc_row][vc_row css_animation=&#8221;&#8221;&#8230;<\/p>\n","protected":false},"author":7,"featured_media":0,"parent":7650,"menu_order":0,"comment_status":"closed","ping_status":"closed","template":"full_width.php","meta":{"_acf_changed":false,"footnotes":""},"class_list":["post-9039","page","type-page","status-publish","hentry"],"acf":[],"yoast_head":"<!-- This site is optimized with the Yoast SEO plugin v26.9 - https:\/\/yoast.com\/product\/yoast-seo-wordpress\/ -->\n<title>Corporate visual identity - BTC d.d.<\/title>\n<meta name=\"robots\" content=\"index, follow, max-snippet:-1, max-image-preview:large, max-video-preview:-1\" \/>\n<link rel=\"canonical\" href=\"https:\/\/www.btc.si\/en\/media-centre\/corporate-visual-identity\/\" \/>\n<meta property=\"og:locale\" content=\"en_US\" \/>\n<meta property=\"og:type\" content=\"article\" \/>\n<meta property=\"og:title\" content=\"Corporate visual identity - BTC d.d.\" \/>\n<meta property=\"og:description\" content=\"[vc_row css_animation=&#8221;&#8221; row_type=&#8221;row&#8221; use_row_as_full_screen_section=&#8221;no&#8221; type=&#8221;full_width&#8221; angled_section=&#8221;no&#8221; text_align=&#8221;left&#8221; background_image_as_pattern=&#8221;without_pattern&#8221; css=&#8221;.vc_custom_1492700507201{background-image: url(https:\/\/www.btc.si\/wp-content\/uploads\/2017\/04\/paralax_PROP_01-400px.jpg?id=1733) !important;}&#8221;][vc_column][vc_empty_space height=&#8221;200px&#8221;][vc_column_text] All information at a glance. [\/vc_column_text][vc_separator type=&#8221;small&#8221; position=&#8221;center&#8221; color=&#8221;#fcb727&#8243; thickness=&#8221;4&#8243; width=&#8221;100&#8243; up=&#8221;40&#8243; down=&#8221;40&#8243;][vc_empty_space height=&#8221;100px&#8221;][\/vc_column][\/vc_row][vc_row css_animation=&#8221;&#8221; row_type=&#8221;row&#8221; use_row_as_full_screen_section=&#8221;no&#8221; type=&#8221;grid&#8221; angled_section=&#8221;no&#8221; text_align=&#8221;left&#8221; background_image_as_pattern=&#8221;without_pattern&#8221; background_color=&#8221;#212d3d&#8221; el_class=&#8221;subMenuSection&#8221;][vc_column][vc_column_text el_class=&#8221;BussinesspageSubMenu&#8221;] News Press releases Publications Corporate visual identity [\/vc_column_text][\/vc_column][\/vc_row][vc_row css_animation=&#8221;&#8221;...\" \/>\n<meta property=\"og:url\" content=\"https:\/\/www.btc.si\/en\/media-centre\/corporate-visual-identity\/\" \/>\n<meta property=\"og:site_name\" content=\"BTC d.d.\" \/>\n<meta property=\"article:modified_time\" content=\"2024-02-01T08:47:35+00:00\" \/>\n<meta name=\"twitter:card\" content=\"summary_large_image\" \/>\n<meta name=\"twitter:label1\" content=\"Est. reading time\" \/>\n\t<meta name=\"twitter:data1\" content=\"2 minutes\" \/>\n<script type=\"application\/ld+json\" class=\"yoast-schema-graph\">{\"@context\":\"https:\/\/schema.org\",\"@graph\":[{\"@type\":\"WebPage\",\"@id\":\"https:\/\/www.btc.si\/en\/media-centre\/corporate-visual-identity\/\",\"url\":\"https:\/\/www.btc.si\/en\/media-centre\/corporate-visual-identity\/\",\"name\":\"Corporate visual identity - BTC d.d.\",\"isPartOf\":{\"@id\":\"https:\/\/www.btc.si\/#website\"},\"datePublished\":\"2018-03-13T11:40:26+00:00\",\"dateModified\":\"2024-02-01T08:47:35+00:00\",\"breadcrumb\":{\"@id\":\"https:\/\/www.btc.si\/en\/media-centre\/corporate-visual-identity\/#breadcrumb\"},\"inLanguage\":\"en-US\",\"potentialAction\":[{\"@type\":\"ReadAction\",\"target\":[\"https:\/\/www.btc.si\/en\/media-centre\/corporate-visual-identity\/\"]}]},{\"@type\":\"BreadcrumbList\",\"@id\":\"https:\/\/www.btc.si\/en\/media-centre\/corporate-visual-identity\/#breadcrumb\",\"itemListElement\":[{\"@type\":\"ListItem\",\"position\":1,\"name\":\"Home\",\"item\":\"https:\/\/www.btc.si\/en\/\"},{\"@type\":\"ListItem\",\"position\":2,\"name\":\"Media centre\",\"item\":\"https:\/\/www.btc.si\/en\/media-centre\/\"},{\"@type\":\"ListItem\",\"position\":3,\"name\":\"Corporate visual identity\"}]},{\"@type\":\"WebSite\",\"@id\":\"https:\/\/www.btc.si\/#website\",\"url\":\"https:\/\/www.btc.si\/\",\"name\":\"BTC d.d.\",\"description\":\"dinami\u010dna, inovativna, odprta in moderna dru\u017eba, povezana s tradicijo vrednot in v sozvo\u010dju s stalnim napredkom v korist gospodarskega razvoja, okolja in dru\u017ebe.\",\"potentialAction\":[{\"@type\":\"SearchAction\",\"target\":{\"@type\":\"EntryPoint\",\"urlTemplate\":\"https:\/\/www.btc.si\/?s={search_term_string}\"},\"query-input\":{\"@type\":\"PropertyValueSpecification\",\"valueRequired\":true,\"valueName\":\"search_term_string\"}}],\"inLanguage\":\"en-US\"}]}<\/script>\n<!-- \/ Yoast SEO plugin. -->","yoast_head_json":{"title":"Corporate visual identity - BTC d.d.","robots":{"index":"index","follow":"follow","max-snippet":"max-snippet:-1","max-image-preview":"max-image-preview:large","max-video-preview":"max-video-preview:-1"},"canonical":"https:\/\/www.btc.si\/en\/media-centre\/corporate-visual-identity\/","og_locale":"en_US","og_type":"article","og_title":"Corporate visual identity - BTC d.d.","og_description":"[vc_row css_animation=&#8221;&#8221; row_type=&#8221;row&#8221; use_row_as_full_screen_section=&#8221;no&#8221; type=&#8221;full_width&#8221; angled_section=&#8221;no&#8221; text_align=&#8221;left&#8221; background_image_as_pattern=&#8221;without_pattern&#8221; css=&#8221;.vc_custom_1492700507201{background-image: url(https:\/\/www.btc.si\/wp-content\/uploads\/2017\/04\/paralax_PROP_01-400px.jpg?id=1733) !important;}&#8221;][vc_column][vc_empty_space height=&#8221;200px&#8221;][vc_column_text] All information at a glance. [\/vc_column_text][vc_separator type=&#8221;small&#8221; position=&#8221;center&#8221; color=&#8221;#fcb727&#8243; thickness=&#8221;4&#8243; width=&#8221;100&#8243; up=&#8221;40&#8243; down=&#8221;40&#8243;][vc_empty_space height=&#8221;100px&#8221;][\/vc_column][\/vc_row][vc_row css_animation=&#8221;&#8221; row_type=&#8221;row&#8221; use_row_as_full_screen_section=&#8221;no&#8221; type=&#8221;grid&#8221; angled_section=&#8221;no&#8221; text_align=&#8221;left&#8221; background_image_as_pattern=&#8221;without_pattern&#8221; background_color=&#8221;#212d3d&#8221; el_class=&#8221;subMenuSection&#8221;][vc_column][vc_column_text el_class=&#8221;BussinesspageSubMenu&#8221;] News Press releases Publications Corporate visual identity [\/vc_column_text][\/vc_column][\/vc_row][vc_row css_animation=&#8221;&#8221;...","og_url":"https:\/\/www.btc.si\/en\/media-centre\/corporate-visual-identity\/","og_site_name":"BTC d.d.","article_modified_time":"2024-02-01T08:47:35+00:00","twitter_card":"summary_large_image","twitter_misc":{"Est. reading time":"2 minutes"},"schema":{"@context":"https:\/\/schema.org","@graph":[{"@type":"WebPage","@id":"https:\/\/www.btc.si\/en\/media-centre\/corporate-visual-identity\/","url":"https:\/\/www.btc.si\/en\/media-centre\/corporate-visual-identity\/","name":"Corporate visual identity - BTC d.d.","isPartOf":{"@id":"https:\/\/www.btc.si\/#website"},"datePublished":"2018-03-13T11:40:26+00:00","dateModified":"2024-02-01T08:47:35+00:00","breadcrumb":{"@id":"https:\/\/www.btc.si\/en\/media-centre\/corporate-visual-identity\/#breadcrumb"},"inLanguage":"en-US","potentialAction":[{"@type":"ReadAction","target":["https:\/\/www.btc.si\/en\/media-centre\/corporate-visual-identity\/"]}]},{"@type":"BreadcrumbList","@id":"https:\/\/www.btc.si\/en\/media-centre\/corporate-visual-identity\/#breadcrumb","itemListElement":[{"@type":"ListItem","position":1,"name":"Home","item":"https:\/\/www.btc.si\/en\/"},{"@type":"ListItem","position":2,"name":"Media centre","item":"https:\/\/www.btc.si\/en\/media-centre\/"},{"@type":"ListItem","position":3,"name":"Corporate visual identity"}]},{"@type":"WebSite","@id":"https:\/\/www.btc.si\/#website","url":"https:\/\/www.btc.si\/","name":"BTC d.d.","description":"dinami\u010dna, inovativna, odprta in moderna dru\u017eba, povezana s tradicijo vrednot in v sozvo\u010dju s stalnim napredkom v korist gospodarskega razvoja, okolja in dru\u017ebe.","potentialAction":[{"@type":"SearchAction","target":{"@type":"EntryPoint","urlTemplate":"https:\/\/www.btc.si\/?s={search_term_string}"},"query-input":{"@type":"PropertyValueSpecification","valueRequired":true,"valueName":"search_term_string"}}],"inLanguage":"en-US"}]}},"_links":{"self":[{"href":"https:\/\/www.btc.si\/en\/wp-json\/wp\/v2\/pages\/9039","targetHints":{"allow":["GET"]}}],"collection":[{"href":"https:\/\/www.btc.si\/en\/wp-json\/wp\/v2\/pages"}],"about":[{"href":"https:\/\/www.btc.si\/en\/wp-json\/wp\/v2\/types\/page"}],"author":[{"embeddable":true,"href":"https:\/\/www.btc.si\/en\/wp-json\/wp\/v2\/users\/7"}],"replies":[{"embeddable":true,"href":"https:\/\/www.btc.si\/en\/wp-json\/wp\/v2\/comments?post=9039"}],"version-history":[{"count":4,"href":"https:\/\/www.btc.si\/en\/wp-json\/wp\/v2\/pages\/9039\/revisions"}],"predecessor-version":[{"id":19348,"href":"https:\/\/www.btc.si\/en\/wp-json\/wp\/v2\/pages\/9039\/revisions\/19348"}],"up":[{"embeddable":true,"href":"https:\/\/www.btc.si\/en\/wp-json\/wp\/v2\/pages\/7650"}],"wp:attachment":[{"href":"https:\/\/www.btc.si\/en\/wp-json\/wp\/v2\/media?parent=9039"}],"curies":[{"name":"wp","href":"https:\/\/api.w.org\/{rel}","templated":true}]}}