{"id":9279,"date":"2018-03-12T13:31:56","date_gmt":"2018-03-12T12:31:56","guid":{"rendered":"https:\/\/www.btc.si\/?page_id=9279"},"modified":"2019-04-08T15:12:38","modified_gmt":"2019-04-08T13:12:38","slug":"open-job-positions","status":"publish","type":"page","link":"https:\/\/www.btc.si\/en\/open-job-positions\/","title":{"rendered":"Open job positions"},"content":{"rendered":"<div class=\"wpb-content-wrapper\"><p>[vc_row row_type=&#8221;parallax&#8221; parallax_content_width=&#8221;full_width&#8221; text_align=&#8221;left&#8221; background_image=&#8221;9166&#8243; full_screen_section_height=&#8221;no&#8221; section_height=&#8221;450&#8243; css=&#8221;.vc_custom_1520866975865{background-color: #000000 !important;}&#8221;][vc_column][vc_empty_space height=&#8221;250px&#8221;][vc_column_text]<\/p>\n<h1 style=\"text-align: center;\"><span style=\"color: #ffffff;\">Open job positions<\/span><\/h1>\n<p>[\/vc_column_text][vc_separator type=&#8221;small&#8221; position=&#8221;center&#8221; color=&#8221;#fcb727&#8243; thickness=&#8221;4&#8243; width=&#8221;100&#8243; up=&#8221;40&#8243; down=&#8221;40&#8243;][vc_empty_space height=&#8221;150px&#8221;][\/vc_column][\/vc_row][vc_row css_animation=&#8221;&#8221; row_type=&#8221;row&#8221; use_row_as_full_screen_section=&#8221;no&#8221; type=&#8221;grid&#8221; angled_section=&#8221;no&#8221; text_align=&#8221;left&#8221; background_image_as_pattern=&#8221;without_pattern&#8221; z_index=&#8221;&#8221;][vc_column css=&#8221;.vc_custom_1520867137332{margin-top: 50px !important;}&#8221;][vc_column_text css=&#8221;.vc_custom_1554729153484{margin-top: 50px !important;}&#8221;]Currently there are no open possitions.[\/vc_column_text][vc_separator type=&#8221;normal&#8221;][\/vc_column][\/vc_row]<\/p>\n<\/div>","protected":false},"excerpt":{"rendered":"<p>[vc_row row_type=&#8221;parallax&#8221; parallax_content_width=&#8221;full_width&#8221; text_align=&#8221;left&#8221; background_image=&#8221;9166&#8243; full_screen_section_height=&#8221;no&#8221; section_height=&#8221;450&#8243; css=&#8221;.vc_custom_1520866975865{background-color: #000000 !important;}&#8221;][vc_column][vc_empty_space height=&#8221;250px&#8221;][vc_column_text] Open job positions [\/vc_column_text][vc_separator type=&#8221;small&#8221; position=&#8221;center&#8221; color=&#8221;#fcb727&#8243; thickness=&#8221;4&#8243; width=&#8221;100&#8243; up=&#8221;40&#8243; down=&#8221;40&#8243;][vc_empty_space height=&#8221;150px&#8221;][\/vc_column][\/vc_row][vc_row css_animation=&#8221;&#8221; row_type=&#8221;row&#8221; use_row_as_full_screen_section=&#8221;no&#8221; type=&#8221;grid&#8221; angled_section=&#8221;no&#8221; text_align=&#8221;left&#8221; background_image_as_pattern=&#8221;without_pattern&#8221; z_index=&#8221;&#8221;][vc_column css=&#8221;.vc_custom_1520867137332{margin-top: 50px !important;}&#8221;][vc_column_text css=&#8221;.vc_custom_1554729153484{margin-top: 50px !important;}&#8221;]Currently there are no open possitions.[\/vc_column_text][vc_separator type=&#8221;normal&#8221;][\/vc_column][\/vc_row]<\/p>\n","protected":false},"author":7,"featured_media":0,"parent":0,"menu_order":9,"comment_status":"closed","ping_status":"closed","template":"full_width.php","meta":{"_acf_changed":false,"footnotes":""},"class_list":["post-9279","page","type-page","status-publish","hentry"],"acf":[],"yoast_head":"<!-- This site is optimized with the Yoast SEO plugin v26.9 - https:\/\/yoast.com\/product\/yoast-seo-wordpress\/ -->\n<title>Open job positions - BTC d.d.<\/title>\n<meta name=\"robots\" content=\"index, follow, max-snippet:-1, max-image-preview:large, max-video-preview:-1\" \/>\n<link rel=\"canonical\" href=\"https:\/\/www.btc.si\/en\/open-job-positions\/\" \/>\n<meta property=\"og:locale\" content=\"en_US\" \/>\n<meta property=\"og:type\" content=\"article\" \/>\n<meta property=\"og:title\" content=\"Open job positions - BTC d.d.\" \/>\n<meta property=\"og:description\" content=\"[vc_row row_type=&#8221;parallax&#8221; parallax_content_width=&#8221;full_width&#8221; text_align=&#8221;left&#8221; background_image=&#8221;9166&#8243; full_screen_section_height=&#8221;no&#8221; section_height=&#8221;450&#8243; css=&#8221;.vc_custom_1520866975865{background-color: #000000 !important;}&#8221;][vc_column][vc_empty_space height=&#8221;250px&#8221;][vc_column_text] Open job positions [\/vc_column_text][vc_separator type=&#8221;small&#8221; position=&#8221;center&#8221; color=&#8221;#fcb727&#8243; thickness=&#8221;4&#8243; width=&#8221;100&#8243; up=&#8221;40&#8243; down=&#8221;40&#8243;][vc_empty_space height=&#8221;150px&#8221;][\/vc_column][\/vc_row][vc_row css_animation=&#8221;&#8221; row_type=&#8221;row&#8221; use_row_as_full_screen_section=&#8221;no&#8221; type=&#8221;grid&#8221; angled_section=&#8221;no&#8221; text_align=&#8221;left&#8221; background_image_as_pattern=&#8221;without_pattern&#8221; z_index=&#8221;&#8221;][vc_column css=&#8221;.vc_custom_1520867137332{margin-top: 50px !important;}&#8221;][vc_column_text css=&#8221;.vc_custom_1554729153484{margin-top: 50px !important;}&#8221;]Currently there are no open possitions.[\/vc_column_text][vc_separator type=&#8221;normal&#8221;][\/vc_column][\/vc_row]\" \/>\n<meta property=\"og:url\" content=\"https:\/\/www.btc.si\/en\/open-job-positions\/\" \/>\n<meta property=\"og:site_name\" content=\"BTC d.d.\" \/>\n<meta property=\"article:modified_time\" content=\"2019-04-08T13:12:38+00:00\" \/>\n<meta name=\"twitter:card\" content=\"summary_large_image\" \/>\n<meta name=\"twitter:label1\" content=\"Est. reading time\" \/>\n\t<meta name=\"twitter:data1\" content=\"1 minute\" \/>\n<script type=\"application\/ld+json\" class=\"yoast-schema-graph\">{\"@context\":\"https:\/\/schema.org\",\"@graph\":[{\"@type\":\"WebPage\",\"@id\":\"https:\/\/www.btc.si\/en\/open-job-positions\/\",\"url\":\"https:\/\/www.btc.si\/en\/open-job-positions\/\",\"name\":\"Open job positions - BTC d.d.\",\"isPartOf\":{\"@id\":\"https:\/\/www.btc.si\/#website\"},\"datePublished\":\"2018-03-12T12:31:56+00:00\",\"dateModified\":\"2019-04-08T13:12:38+00:00\",\"breadcrumb\":{\"@id\":\"https:\/\/www.btc.si\/en\/open-job-positions\/#breadcrumb\"},\"inLanguage\":\"en-US\",\"potentialAction\":[{\"@type\":\"ReadAction\",\"target\":[\"https:\/\/www.btc.si\/en\/open-job-positions\/\"]}]},{\"@type\":\"BreadcrumbList\",\"@id\":\"https:\/\/www.btc.si\/en\/open-job-positions\/#breadcrumb\",\"itemListElement\":[{\"@type\":\"ListItem\",\"position\":1,\"name\":\"Home\",\"item\":\"https:\/\/www.btc.si\/en\/\"},{\"@type\":\"ListItem\",\"position\":2,\"name\":\"Open job positions\"}]},{\"@type\":\"WebSite\",\"@id\":\"https:\/\/www.btc.si\/#website\",\"url\":\"https:\/\/www.btc.si\/\",\"name\":\"BTC d.d.\",\"description\":\"dinami\u010dna, inovativna, odprta in moderna dru\u017eba, povezana s tradicijo vrednot in v sozvo\u010dju s stalnim napredkom v korist gospodarskega razvoja, okolja in dru\u017ebe.\",\"potentialAction\":[{\"@type\":\"SearchAction\",\"target\":{\"@type\":\"EntryPoint\",\"urlTemplate\":\"https:\/\/www.btc.si\/?s={search_term_string}\"},\"query-input\":{\"@type\":\"PropertyValueSpecification\",\"valueRequired\":true,\"valueName\":\"search_term_string\"}}],\"inLanguage\":\"en-US\"}]}<\/script>\n<!-- \/ Yoast SEO plugin. -->","yoast_head_json":{"title":"Open job positions - BTC d.d.","robots":{"index":"index","follow":"follow","max-snippet":"max-snippet:-1","max-image-preview":"max-image-preview:large","max-video-preview":"max-video-preview:-1"},"canonical":"https:\/\/www.btc.si\/en\/open-job-positions\/","og_locale":"en_US","og_type":"article","og_title":"Open job positions - BTC d.d.","og_description":"[vc_row row_type=&#8221;parallax&#8221; parallax_content_width=&#8221;full_width&#8221; text_align=&#8221;left&#8221; background_image=&#8221;9166&#8243; full_screen_section_height=&#8221;no&#8221; section_height=&#8221;450&#8243; css=&#8221;.vc_custom_1520866975865{background-color: #000000 !important;}&#8221;][vc_column][vc_empty_space height=&#8221;250px&#8221;][vc_column_text] Open job positions [\/vc_column_text][vc_separator type=&#8221;small&#8221; position=&#8221;center&#8221; color=&#8221;#fcb727&#8243; thickness=&#8221;4&#8243; width=&#8221;100&#8243; up=&#8221;40&#8243; down=&#8221;40&#8243;][vc_empty_space height=&#8221;150px&#8221;][\/vc_column][\/vc_row][vc_row css_animation=&#8221;&#8221; row_type=&#8221;row&#8221; use_row_as_full_screen_section=&#8221;no&#8221; type=&#8221;grid&#8221; angled_section=&#8221;no&#8221; text_align=&#8221;left&#8221; background_image_as_pattern=&#8221;without_pattern&#8221; z_index=&#8221;&#8221;][vc_column css=&#8221;.vc_custom_1520867137332{margin-top: 50px !important;}&#8221;][vc_column_text css=&#8221;.vc_custom_1554729153484{margin-top: 50px !important;}&#8221;]Currently there are no open possitions.[\/vc_column_text][vc_separator type=&#8221;normal&#8221;][\/vc_column][\/vc_row]","og_url":"https:\/\/www.btc.si\/en\/open-job-positions\/","og_site_name":"BTC d.d.","article_modified_time":"2019-04-08T13:12:38+00:00","twitter_card":"summary_large_image","twitter_misc":{"Est. reading time":"1 minute"},"schema":{"@context":"https:\/\/schema.org","@graph":[{"@type":"WebPage","@id":"https:\/\/www.btc.si\/en\/open-job-positions\/","url":"https:\/\/www.btc.si\/en\/open-job-positions\/","name":"Open job positions - BTC d.d.","isPartOf":{"@id":"https:\/\/www.btc.si\/#website"},"datePublished":"2018-03-12T12:31:56+00:00","dateModified":"2019-04-08T13:12:38+00:00","breadcrumb":{"@id":"https:\/\/www.btc.si\/en\/open-job-positions\/#breadcrumb"},"inLanguage":"en-US","potentialAction":[{"@type":"ReadAction","target":["https:\/\/www.btc.si\/en\/open-job-positions\/"]}]},{"@type":"BreadcrumbList","@id":"https:\/\/www.btc.si\/en\/open-job-positions\/#breadcrumb","itemListElement":[{"@type":"ListItem","position":1,"name":"Home","item":"https:\/\/www.btc.si\/en\/"},{"@type":"ListItem","position":2,"name":"Open job positions"}]},{"@type":"WebSite","@id":"https:\/\/www.btc.si\/#website","url":"https:\/\/www.btc.si\/","name":"BTC d.d.","description":"dinami\u010dna, inovativna, odprta in moderna dru\u017eba, povezana s tradicijo vrednot in v sozvo\u010dju s stalnim napredkom v korist gospodarskega razvoja, okolja in dru\u017ebe.","potentialAction":[{"@type":"SearchAction","target":{"@type":"EntryPoint","urlTemplate":"https:\/\/www.btc.si\/?s={search_term_string}"},"query-input":{"@type":"PropertyValueSpecification","valueRequired":true,"valueName":"search_term_string"}}],"inLanguage":"en-US"}]}},"_links":{"self":[{"href":"https:\/\/www.btc.si\/en\/wp-json\/wp\/v2\/pages\/9279","targetHints":{"allow":["GET"]}}],"collection":[{"href":"https:\/\/www.btc.si\/en\/wp-json\/wp\/v2\/pages"}],"about":[{"href":"https:\/\/www.btc.si\/en\/wp-json\/wp\/v2\/types\/page"}],"author":[{"embeddable":true,"href":"https:\/\/www.btc.si\/en\/wp-json\/wp\/v2\/users\/7"}],"replies":[{"embeddable":true,"href":"https:\/\/www.btc.si\/en\/wp-json\/wp\/v2\/comments?post=9279"}],"version-history":[{"count":7,"href":"https:\/\/www.btc.si\/en\/wp-json\/wp\/v2\/pages\/9279\/revisions"}],"predecessor-version":[{"id":11662,"href":"https:\/\/www.btc.si\/en\/wp-json\/wp\/v2\/pages\/9279\/revisions\/11662"}],"wp:attachment":[{"href":"https:\/\/www.btc.si\/en\/wp-json\/wp\/v2\/media?parent=9279"}],"curies":[{"name":"wp","href":"https:\/\/api.w.org\/{rel}","templated":true}]}}